{"id":5883,"date":"2026-04-23T21:46:40","date_gmt":"2026-04-23T19:46:40","guid":{"rendered":"https:\/\/dekantik.es\/?post_type=product&#038;p=5883"},"modified":"2026-04-23T21:52:33","modified_gmt":"2026-04-23T19:52:33","slug":"mesitas-inca","status":"publish","type":"product","link":"https:\/\/dekantik.es\/?product=mesitas-inca","title":{"rendered":"Mesitas Inca"},"content":{"rendered":"<p><strong>Dekantik :\u00a0<\/strong>Piezas con historia, estilo y calidad que te acompa\u00f1ar\u00e1n por muchos a\u00f1os.<\/p>\n","protected":false},"excerpt":{"rendered":"<h2 data-path-to-node=\"3\">Elegancia Industrial y Calidez Natural<\/h2>\n<p data-path-to-node=\"4\"><b data-path-to-node=\"4\" data-index-in-node=\"0\">Si buscas una pieza que combine la robustez del hierro con la calidez inigualable de la madera noble, nuestras Mesitas de Forja y Acacia Maciza son la elecci\u00f3n perfecta. El contraste entre la estructura de forja artesanal y la superficie de acacia maciza no solo aporta un car\u00e1cter \u00fanico a tu dormitorio, sino que garantiza una durabilidad dise\u00f1ada para durar toda la vida.<\/b><\/p>\n<h3 data-path-to-node=\"5\">Lo que las hace especiales:<\/h3>\n<ul data-path-to-node=\"6\">\n<li>\n<p data-path-to-node=\"6,0,0\"><b data-path-to-node=\"6,0,0\" data-index-in-node=\"0\">Dise\u00f1o Atemporal:<\/b> Un equilibrio perfecto entre el estilo industrial y el r\u00fastico moderno, capaz de encajar tanto en ambientes vanguardistas como en hogares m\u00e1s tradicionales.<\/p>\n<\/li>\n<li>\n<p data-path-to-node=\"6,1,0\"><b data-path-to-node=\"6,1,0\" data-index-in-node=\"0\">Materiales de Primera:<\/b> La madera de acacia es conocida por su extrema dureza y sus vetas profundas, lo que convierte a cada mesita en una pieza irrepetible.<\/p>\n<\/li>\n<li>\n<p data-path-to-node=\"6,2,0\"><b data-path-to-node=\"6,2,0\" data-index-in-node=\"0\">Artesan\u00eda en Forja:<\/b> La estructura met\u00e1lica ha sido trabajada para ofrecer estabilidad y ligereza visual, elevando el dise\u00f1o del mueble sin recargar el espacio.<\/p>\n<\/li>\n<li>\n<p data-path-to-node=\"6,3,0\"><b data-path-to-node=\"6,3,0\" data-index-in-node=\"0\">Sostenibilidad y Car\u00e1cter:<\/b> Fieles a la esencia de Dekantik, seleccionamos materiales que respetan el medio ambiente y cuentan una historia de calidad y resistencia.<\/p>\n<\/li>\n<\/ul>\n<h3 data-path-to-node=\"7\">Caracter\u00edstica | Detalle<\/h3>\n<ul data-path-to-node=\"8\">\n<li>\n<p data-path-to-node=\"8,0,0\"><b data-path-to-node=\"8,0,0\" data-index-in-node=\"0\">Dimensiones:<\/b> 43cm ancho x 28cm fondo x 61cm alto<\/p>\n<\/li>\n<li>\n<p data-path-to-node=\"8,0,0\"><b data-path-to-node=\"8,1,0\" data-index-in-node=\"0\">Materiales:<\/b> Madera de Acacia maciza y estructura de forja reforzada.<\/p>\n<\/li>\n<li>\n<p data-path-to-node=\"8,2,0\"><b data-path-to-node=\"8,2,0\" data-index-in-node=\"0\">Estado:<\/b> Acabado artesanal con protectores de alta calidad para la madera.<\/p>\n<\/li>\n<li>\n<p data-path-to-node=\"8,3,0\"><b data-path-to-node=\"8,3,0\" data-index-in-node=\"0\">Env\u00edo y Transporte:<\/b><\/p>\n<\/li>\n<\/ul>\n","protected":false},"featured_media":5879,"template":"","meta":[],"product_brand":[],"product_cat":[94],"product_tag":[],"class_list":{"0":"post-5883","1":"product","2":"type-product","3":"status-publish","4":"has-post-thumbnail","6":"product_cat-mesitas-de-noche","8":"first","9":"instock","10":"sold-individually","11":"shipping-taxable","12":"purchasable","13":"product-type-simple"},"_links":{"self":[{"href":"https:\/\/dekantik.es\/index.php?rest_route=\/wp\/v2\/product\/5883","targetHints":{"allow":["GET"]}}],"collection":[{"href":"https:\/\/dekantik.es\/index.php?rest_route=\/wp\/v2\/product"}],"about":[{"href":"https:\/\/dekantik.es\/index.php?rest_route=\/wp\/v2\/types\/product"}],"wp:featuredmedia":[{"embeddable":true,"href":"https:\/\/dekantik.es\/index.php?rest_route=\/wp\/v2\/media\/5879"}],"wp:attachment":[{"href":"https:\/\/dekantik.es\/index.php?rest_route=%2Fwp%2Fv2%2Fmedia&parent=5883"}],"wp:term":[{"taxonomy":"product_brand","embeddable":true,"href":"https:\/\/dekantik.es\/index.php?rest_route=%2Fwp%2Fv2%2Fproduct_brand&post=5883"},{"taxonomy":"product_cat","embeddable":true,"href":"https:\/\/dekantik.es\/index.php?rest_route=%2Fwp%2Fv2%2Fproduct_cat&post=5883"},{"taxonomy":"product_tag","embeddable":true,"href":"https:\/\/dekantik.es\/index.php?rest_route=%2Fwp%2Fv2%2Fproduct_tag&post=5883"}],"curies":[{"name":"wp","href":"https:\/\/api.w.org\/{rel}","templated":true}]}}