{"id":5867,"date":"2026-04-23T11:44:48","date_gmt":"2026-04-23T09:44:48","guid":{"rendered":"https:\/\/dekantik.es\/?post_type=product&#038;p=5867"},"modified":"2026-04-23T11:51:35","modified_gmt":"2026-04-23T09:51:35","slug":"mesitas-arta","status":"publish","type":"product","link":"https:\/\/dekantik.es\/?product=mesitas-arta","title":{"rendered":"Mesitas Arta"},"content":{"rendered":"<div class=\"elementor-element elementor-element-acc7674 wpr-tabs-position-above wpr-forms-submit-left elementor-widget elementor-widget-wpr-product-tabs\" data-id=\"acc7674\" data-element_type=\"widget\" data-e-type=\"widget\" data-settings=\"{&quot;tab_transition_duration&quot;:0.5}\" data-widget_type=\"wpr-product-tabs.default\">\n<div class=\"elementor-widget-container\">\n<div class=\"wpr-product-tabs\">\n<div class=\"woocommerce-tabs wc-tabs-wrapper\">\n<div id=\"tab-description\" class=\"woocommerce-Tabs-panel woocommerce-Tabs-panel--description panel entry-content wc-tab\" role=\"tabpanel\" aria-labelledby=\"tab-title-description\">\n<p><strong>Dekantik :\u00a0<\/strong>Piezas con historia, estilo y calidad que te acompa\u00f1ar\u00e1n por muchos a\u00f1os.<\/p>\n<\/div>\n<\/div>\n<\/div>\n<\/div>\n<\/div>\n<div class=\"elementor-element elementor-element-ee8021f elementor-widget-divider--view-line elementor-widget elementor-widget-divider\" data-id=\"ee8021f\" data-element_type=\"widget\" data-e-type=\"widget\" data-widget_type=\"divider.default\">\n<div class=\"elementor-widget-container\">\n<div class=\"elementor-divider\"><\/div>\n<\/div>\n<\/div>\n","protected":false},"excerpt":{"rendered":"<h3 data-path-to-node=\"3\"><b data-path-to-node=\"3\" data-index-in-node=\"0\">Elegancia Cl\u00e1sica<\/b><\/h3>\n<p data-path-to-node=\"4\">El conjunto Arta es una declaraci\u00f3n de intenciones para el dormitorio. Estas mesitas han sido rescatadas para quienes buscan piezas con alma autenticas vintage. Su dise\u00f1o con un amplio espacio de almacenaje tras sus puertas dobles, resalta la belleza de la madera con un acabado que evoca la calidez de las casas se\u00f1oriales, adaptado a la serenidad de los hogares actuales.<\/p>\n<p data-path-to-node=\"5\"><b data-path-to-node=\"5\" data-index-in-node=\"0\">Lo que las hace especiales:<\/b><\/p>\n<ul data-path-to-node=\"6\">\n<li>\n<p data-path-to-node=\"6,0,0\"><b data-path-to-node=\"6,0,0\" data-index-in-node=\"0\">Gran Capacidad de Almacenaje:<\/b> A diferencia de las mesitas convencionales, las mesitas Arta ofrece un espacio generoso gracias a su dise\u00f1o de doble puerta.<\/p>\n<\/li>\n<li>\n<p data-path-to-node=\"6,1,0\"><b data-path-to-node=\"6,1,0\" data-index-in-node=\"0\">Presencia Robusta:<\/b>\u00a0Su estructura imponente y sus l\u00edneas cl\u00e1sicas las convierten en piezas protagonistas que aportan estabilidad y lujo al dormitorio.<\/p>\n<\/li>\n<li>\n<p data-path-to-node=\"6,2,0\"><b data-path-to-node=\"6,2,0\" data-index-in-node=\"0\">Madera Maciza con Alma:<\/b>\u00a0Restauradas artesanalmente para proteger su esencia original, utilizando materiales eco-friendly que garantizan una pieza saludable y duradera.<\/p>\n<\/li>\n<\/ul>\n<p data-path-to-node=\"7\"><b data-path-to-node=\"7\" data-index-in-node=\"0\">Caracter\u00edstica | Detalle<\/b><\/p>\n<ul data-path-to-node=\"8\">\n<li><b data-path-to-node=\"8,1,0\" data-index-in-node=\"0\">Dimensiones :\u00a0<\/b>51cm ancho x 33cm fondo x 57cm alto<\/li>\n<li>\n<p data-path-to-node=\"8,2,0\"><b data-path-to-node=\"8,2,0\" data-index-in-node=\"0\">Materiales :<\/b> Madera de alta calidad con acabados naturales.<\/p>\n<\/li>\n<li>\n<p data-path-to-node=\"8,3,0\"><b data-path-to-node=\"8,3,0\" data-index-in-node=\"0\">Estado :<\/b>\u00a0Restauradas y Reforzadas (Juego de 2 unidades).<\/p>\n<\/li>\n<li>\n<p data-path-to-node=\"8,4,0\"><b data-path-to-node=\"8,4,0\" data-index-in-node=\"0\">Env\u00edo :<\/b><\/p>\n<\/li>\n<\/ul>\n","protected":false},"featured_media":5870,"template":"","meta":[],"product_brand":[],"product_cat":[94],"product_tag":[],"class_list":{"0":"post-5867","1":"product","2":"type-product","3":"status-publish","4":"has-post-thumbnail","6":"product_cat-mesitas-de-noche","8":"first","9":"instock","10":"sold-individually","11":"shipping-taxable","12":"purchasable","13":"product-type-simple"},"_links":{"self":[{"href":"https:\/\/dekantik.es\/index.php?rest_route=\/wp\/v2\/product\/5867","targetHints":{"allow":["GET"]}}],"collection":[{"href":"https:\/\/dekantik.es\/index.php?rest_route=\/wp\/v2\/product"}],"about":[{"href":"https:\/\/dekantik.es\/index.php?rest_route=\/wp\/v2\/types\/product"}],"wp:featuredmedia":[{"embeddable":true,"href":"https:\/\/dekantik.es\/index.php?rest_route=\/wp\/v2\/media\/5870"}],"wp:attachment":[{"href":"https:\/\/dekantik.es\/index.php?rest_route=%2Fwp%2Fv2%2Fmedia&parent=5867"}],"wp:term":[{"taxonomy":"product_brand","embeddable":true,"href":"https:\/\/dekantik.es\/index.php?rest_route=%2Fwp%2Fv2%2Fproduct_brand&post=5867"},{"taxonomy":"product_cat","embeddable":true,"href":"https:\/\/dekantik.es\/index.php?rest_route=%2Fwp%2Fv2%2Fproduct_cat&post=5867"},{"taxonomy":"product_tag","embeddable":true,"href":"https:\/\/dekantik.es\/index.php?rest_route=%2Fwp%2Fv2%2Fproduct_tag&post=5867"}],"curies":[{"name":"wp","href":"https:\/\/api.w.org\/{rel}","templated":true}]}}