{"id":5866,"date":"2026-04-23T11:39:43","date_gmt":"2026-04-23T09:39:43","guid":{"rendered":"https:\/\/dekantik.es\/?post_type=product&#038;p=5866"},"modified":"2026-04-23T11:50:42","modified_gmt":"2026-04-23T09:50:42","slug":"mesitas-genova","status":"publish","type":"product","link":"https:\/\/dekantik.es\/?product=mesitas-genova","title":{"rendered":"Mesitas Genova"},"content":{"rendered":"<div class=\"elementor-element elementor-element-acc7674 wpr-tabs-position-above wpr-forms-submit-left elementor-widget elementor-widget-wpr-product-tabs\" data-id=\"acc7674\" data-element_type=\"widget\" data-e-type=\"widget\" data-settings=\"{&quot;tab_transition_duration&quot;:0.5}\" data-widget_type=\"wpr-product-tabs.default\">\n<div class=\"elementor-widget-container\">\n<div class=\"wpr-product-tabs\">\n<div class=\"woocommerce-tabs wc-tabs-wrapper\">\n<div id=\"tab-description\" class=\"woocommerce-Tabs-panel woocommerce-Tabs-panel--description panel entry-content wc-tab\" role=\"tabpanel\" aria-labelledby=\"tab-title-description\">\n<p><strong>Dekantik :\u00a0<\/strong>Piezas con historia, estilo y calidad que te acompa\u00f1ar\u00e1n por muchos a\u00f1os.<\/p>\n<\/div>\n<\/div>\n<\/div>\n<\/div>\n<\/div>\n<div class=\"elementor-element elementor-element-ee8021f elementor-widget-divider--view-line elementor-widget elementor-widget-divider\" data-id=\"ee8021f\" data-element_type=\"widget\" data-e-type=\"widget\" data-widget_type=\"divider.default\">\n<div class=\"elementor-widget-container\">\n<div class=\"elementor-divider\"><\/div>\n<\/div>\n<\/div>\n","protected":false},"excerpt":{"rendered":"<p data-path-to-node=\"4\">El conjunto de mesitas Genova es la esencia de la serenidad y un toque de color en el dormitorio. Estas mesitas han sido creadas para crear un rinc\u00f3n de descanso lleno de luz, combinando un acabado verde suave con la calidez de la madera maciza natural. Un dise\u00f1o moderno y funcional que aporta ese aire fresco que transforma el dormitorio.<\/p>\n<p data-path-to-node=\"5\"><b data-path-to-node=\"5\" data-index-in-node=\"0\">Lo que las hace especiales:<\/b><\/p>\n<ul data-path-to-node=\"6\">\n<li>\n<p data-path-to-node=\"6,0,0\"><b data-path-to-node=\"6,0,0\" data-index-in-node=\"0\">Contraste Org\u00e1nico:<\/b> La combinaci\u00f3n del verde y la madera vista crea un equilibrio perfecto.<\/p>\n<\/li>\n<li>\n<p data-path-to-node=\"6,1,0\"><b data-path-to-node=\"6,1,0\" data-index-in-node=\"0\">Madera Maciza Recuperada:<\/b> Piezas robustas con alma, tratadas con ceras y acabados eco-friendly.<\/p>\n<\/li>\n<li>\n<p data-path-to-node=\"6,2,0\"><b data-path-to-node=\"6,2,0\" data-index-in-node=\"0\">Estilo Vers\u00e1til:<\/b>\u00a0Su dise\u00f1o ligero y sus pr\u00e1cticos cajones las hacen ideales tanto para dormitorios principales como para acogedoras habitaciones de invitados.<\/p>\n<\/li>\n<\/ul>\n<p data-path-to-node=\"7\"><b data-path-to-node=\"7\" data-index-in-node=\"0\">Caracter\u00edstica | Detalle<\/b><\/p>\n<ul data-path-to-node=\"8\">\n<li><b data-path-to-node=\"8,1,0\" data-index-in-node=\"0\">Dimensiones :\u00a0<\/b>45cm ancho x 33cm fondo x 64cm alto<\/li>\n<li>\n<p data-path-to-node=\"8,1,0\"><b data-path-to-node=\"8,1,0\" data-index-in-node=\"0\"><\/b><b data-path-to-node=\"8,2,0\" data-index-in-node=\"0\">Materiales |<\/b>\u00a0Madera maciza recuperada con acabados premium respetuosos con el medio ambiente.<\/p>\n<\/li>\n<li>\n<p data-path-to-node=\"8,3,0\"><b data-path-to-node=\"8,3,0\" data-index-in-node=\"0\">Estado |<\/b>\u00a0Restauradas y Reforzadas (Juego de 2 unidades).<\/p>\n<\/li>\n<li>\n<p data-path-to-node=\"8,4,0\"><b data-path-to-node=\"8,4,0\" data-index-in-node=\"0\">Env\u00edo |<\/b><\/p>\n<\/li>\n<\/ul>\n","protected":false},"featured_media":5869,"template":"","meta":[],"product_brand":[],"product_cat":[94],"product_tag":[],"class_list":{"0":"post-5866","1":"product","2":"type-product","3":"status-publish","4":"has-post-thumbnail","6":"product_cat-mesitas-de-noche","8":"first","9":"instock","10":"sold-individually","11":"shipping-taxable","12":"purchasable","13":"product-type-simple"},"_links":{"self":[{"href":"https:\/\/dekantik.es\/index.php?rest_route=\/wp\/v2\/product\/5866","targetHints":{"allow":["GET"]}}],"collection":[{"href":"https:\/\/dekantik.es\/index.php?rest_route=\/wp\/v2\/product"}],"about":[{"href":"https:\/\/dekantik.es\/index.php?rest_route=\/wp\/v2\/types\/product"}],"wp:featuredmedia":[{"embeddable":true,"href":"https:\/\/dekantik.es\/index.php?rest_route=\/wp\/v2\/media\/5869"}],"wp:attachment":[{"href":"https:\/\/dekantik.es\/index.php?rest_route=%2Fwp%2Fv2%2Fmedia&parent=5866"}],"wp:term":[{"taxonomy":"product_brand","embeddable":true,"href":"https:\/\/dekantik.es\/index.php?rest_route=%2Fwp%2Fv2%2Fproduct_brand&post=5866"},{"taxonomy":"product_cat","embeddable":true,"href":"https:\/\/dekantik.es\/index.php?rest_route=%2Fwp%2Fv2%2Fproduct_cat&post=5866"},{"taxonomy":"product_tag","embeddable":true,"href":"https:\/\/dekantik.es\/index.php?rest_route=%2Fwp%2Fv2%2Fproduct_tag&post=5866"}],"curies":[{"name":"wp","href":"https:\/\/api.w.org\/{rel}","templated":true}]}}