{"id":5847,"date":"2026-04-17T11:35:11","date_gmt":"2026-04-17T09:35:11","guid":{"rendered":"https:\/\/dekantik.es\/?post_type=product&#038;p=5847"},"modified":"2026-04-17T11:44:52","modified_gmt":"2026-04-17T09:44:52","slug":"mesitas-mimi","status":"publish","type":"product","link":"https:\/\/dekantik.es\/?product=mesitas-mimi","title":{"rendered":"Mesitas Mimi"},"content":{"rendered":"<div class=\"elementor-element elementor-element-acc7674 wpr-tabs-position-above wpr-forms-submit-left elementor-widget elementor-widget-wpr-product-tabs\" data-id=\"acc7674\" data-element_type=\"widget\" data-e-type=\"widget\" data-settings=\"{&quot;tab_transition_duration&quot;:0.5}\" data-widget_type=\"wpr-product-tabs.default\">\n<div class=\"elementor-widget-container\">\n<div class=\"wpr-product-tabs\">\n<div class=\"woocommerce-tabs wc-tabs-wrapper\">\n<div id=\"tab-description\" class=\"woocommerce-Tabs-panel woocommerce-Tabs-panel--description panel entry-content wc-tab\" role=\"tabpanel\" aria-labelledby=\"tab-title-description\">\n<p><strong>Dekantik :\u00a0<\/strong>Piezas con historia, estilo y calidad que te acompa\u00f1ar\u00e1n por muchos a\u00f1os.<\/p>\n<\/div>\n<\/div>\n<\/div>\n<\/div>\n<\/div>\n<div class=\"elementor-element elementor-element-ee8021f elementor-widget-divider--view-line elementor-widget elementor-widget-divider\" data-id=\"ee8021f\" data-element_type=\"widget\" data-e-type=\"widget\" data-widget_type=\"divider.default\">\n<div class=\"elementor-widget-container\">\n<div class=\"elementor-divider\"><\/div>\n<\/div>\n<\/div>\n","protected":false},"excerpt":{"rendered":"<h3 data-path-to-node=\"2\">Nobleza Natural<\/h3>\n<p data-path-to-node=\"3\">El conjunto de mesitas Mimi es una apuesta por la nobleza y la sencillez. Estas mesitas han sido rescatadas para demostrar que la <b data-path-to-node=\"3\" data-index-in-node=\"153\">madera de teca<\/b> y el rat\u00e1n no necesita artificios para brillar. Estas piezas aportan una atm\u00f3sfera de calma y autenticidad a tu dormitorio, uniendo la durabilidad de un material eterno con un dise\u00f1o contempor\u00e1neo.<\/p>\n<p data-path-to-node=\"4\"><b data-path-to-node=\"4\" data-index-in-node=\"0\">Lo que las hace especiales:<\/b><\/p>\n<ul data-path-to-node=\"5\">\n<li>\n<p data-path-to-node=\"5,0,0\"><b data-path-to-node=\"5,0,0\" data-index-in-node=\"0\">Teca Maciza Recuperada:<\/b>\u00a0Fabricadas en una de las maderas m\u00e1s resistentes garantizando piezas que perduran el tiempo.<\/p>\n<\/li>\n<li>\n<p data-path-to-node=\"5,1,0\"><b data-path-to-node=\"5,1,0\" data-index-in-node=\"0\">Pareja Armoniosa:<\/b>\u00a0Dos unidades restauradas en conjunto para ofrecer una simetr\u00eda perfecta a ambos lados de tu cama.<\/p>\n<\/li>\n<li>\n<p data-path-to-node=\"5,2,0\"><b data-path-to-node=\"5,2,0\" data-index-in-node=\"0\">Dise\u00f1o Consciente:<\/b>\u00a0Fieles a la econom\u00eda circular, cada mesita es un testimonio de c\u00f3mo el lujo y la sostenibilidad pueden ir de la mano en el hogar.<\/p>\n<\/li>\n<\/ul>\n<p data-path-to-node=\"6\"><b data-path-to-node=\"6\" data-index-in-node=\"0\">Caracter\u00edstica | Detalle<\/b><\/p>\n<ul data-path-to-node=\"7\">\n<li>\n<p data-path-to-node=\"7,1,0\"><b data-path-to-node=\"7,1,0\" data-index-in-node=\"0\">Dimensiones :\u00a0<\/b>44cm ancho x 32cm fondo x 63cm alto<\/p>\n<\/li>\n<li>\n<p data-path-to-node=\"7,2,0\"><b data-path-to-node=\"7,2,0\" data-index-in-node=\"0\">Materiales :<\/b>\u00a0Madera de teca maciza recuperada con acabados naturales eco-friendly.<\/p>\n<\/li>\n<li>\n<p data-path-to-node=\"7,3,0\"><b data-path-to-node=\"7,3,0\" data-index-in-node=\"0\">Estado :<\/b>\u00a0Restauradas y Reforzadas (Piezas \u00danicas).<\/p>\n<\/li>\n<li>\n<p data-path-to-node=\"7,4,0\"><b data-path-to-node=\"7,4,0\" data-index-in-node=\"0\">Env\u00edo :<\/b><\/p>\n<\/li>\n<\/ul>\n","protected":false},"featured_media":5851,"template":"","meta":[],"product_brand":[],"product_cat":[94],"product_tag":[],"class_list":{"0":"post-5847","1":"product","2":"type-product","3":"status-publish","4":"has-post-thumbnail","6":"product_cat-mesitas-de-noche","8":"first","9":"instock","10":"sold-individually","11":"shipping-taxable","12":"purchasable","13":"product-type-simple"},"_links":{"self":[{"href":"https:\/\/dekantik.es\/index.php?rest_route=\/wp\/v2\/product\/5847","targetHints":{"allow":["GET"]}}],"collection":[{"href":"https:\/\/dekantik.es\/index.php?rest_route=\/wp\/v2\/product"}],"about":[{"href":"https:\/\/dekantik.es\/index.php?rest_route=\/wp\/v2\/types\/product"}],"wp:featuredmedia":[{"embeddable":true,"href":"https:\/\/dekantik.es\/index.php?rest_route=\/wp\/v2\/media\/5851"}],"wp:attachment":[{"href":"https:\/\/dekantik.es\/index.php?rest_route=%2Fwp%2Fv2%2Fmedia&parent=5847"}],"wp:term":[{"taxonomy":"product_brand","embeddable":true,"href":"https:\/\/dekantik.es\/index.php?rest_route=%2Fwp%2Fv2%2Fproduct_brand&post=5847"},{"taxonomy":"product_cat","embeddable":true,"href":"https:\/\/dekantik.es\/index.php?rest_route=%2Fwp%2Fv2%2Fproduct_cat&post=5847"},{"taxonomy":"product_tag","embeddable":true,"href":"https:\/\/dekantik.es\/index.php?rest_route=%2Fwp%2Fv2%2Fproduct_tag&post=5847"}],"curies":[{"name":"wp","href":"https:\/\/api.w.org\/{rel}","templated":true}]}}