{"id":5846,"date":"2026-04-17T11:31:08","date_gmt":"2026-04-17T09:31:08","guid":{"rendered":"https:\/\/dekantik.es\/?post_type=product&#038;p=5846"},"modified":"2026-04-17T11:46:06","modified_gmt":"2026-04-17T09:46:06","slug":"vitrina-libreria-kira","status":"publish","type":"product","link":"https:\/\/dekantik.es\/?product=vitrina-libreria-kira","title":{"rendered":"Vitrina Libreria Kira"},"content":{"rendered":"<div class=\"elementor-element elementor-element-acc7674 wpr-tabs-position-above wpr-forms-submit-left elementor-widget elementor-widget-wpr-product-tabs\" data-id=\"acc7674\" data-element_type=\"widget\" data-e-type=\"widget\" data-settings=\"{&quot;tab_transition_duration&quot;:0.5}\" data-widget_type=\"wpr-product-tabs.default\">\n<div class=\"elementor-widget-container\">\n<div class=\"wpr-product-tabs\">\n<div class=\"woocommerce-tabs wc-tabs-wrapper\">\n<div id=\"tab-description\" class=\"woocommerce-Tabs-panel woocommerce-Tabs-panel--description panel entry-content wc-tab\" role=\"tabpanel\" aria-labelledby=\"tab-title-description\">\n<p><strong>Dekantik :\u00a0<\/strong>Piezas con historia, estilo y calidad que te acompa\u00f1ar\u00e1n por muchos a\u00f1os.<\/p>\n<\/div>\n<\/div>\n<\/div>\n<\/div>\n<\/div>\n<div class=\"elementor-element elementor-element-ee8021f elementor-widget-divider--view-line elementor-widget elementor-widget-divider\" data-id=\"ee8021f\" data-element_type=\"widget\" data-e-type=\"widget\" data-widget_type=\"divider.default\">\n<div class=\"elementor-widget-container\">\n<div class=\"elementor-divider\"><\/div>\n<\/div>\n<\/div>\n","protected":false},"excerpt":{"rendered":"<h3 data-path-to-node=\"2\"><b data-path-to-node=\"2\" data-index-in-node=\"0\">Dise\u00f1o Vintage<\/b><\/h3>\n<p data-path-to-node=\"3\">La Vitrina Kira es peque\u00f1a y ideal para quienes buscan elevar la est\u00e9tica de su hogar con un dise\u00f1o vintage en madera natural. Rescatada para brillar, esta vitrina es un mueble con alma, dise\u00f1ado no solo para almacenar, sino para convertir tus objetos m\u00e1s preciados en una verdadera exposici\u00f3n de estilo.<\/p>\n<p data-path-to-node=\"4\"><b data-path-to-node=\"4\" data-index-in-node=\"0\">Lo que la hace especial:<\/b><\/p>\n<ul data-path-to-node=\"5\">\n<li>\n<p data-path-to-node=\"5,0,0\"><b data-path-to-node=\"5,0,0\" data-index-in-node=\"0\">Detalle Interior Exclusivo:<\/b> Su fondo decorado crea un contraste visual \u00fanico que realza cualquier objeto expuesto.<\/p>\n<\/li>\n<li>\n<p data-path-to-node=\"5,1,0\"><b data-path-to-node=\"5,1,0\" data-index-in-node=\"0\">Luminosidad y Calidez:<\/b> El acabado en madera y sus amplias puertas y laterales acristalados aportan una sensaci\u00f3n de amplitud y luz a cualquier estancia.<\/p>\n<\/li>\n<li>\n<p data-path-to-node=\"5,2,0\"><b data-path-to-node=\"5,2,0\" data-index-in-node=\"0\">Construcci\u00f3n Robusta y Elegante:<\/b>\u00a0Una estructura s\u00f3lida restaurada artesanalmente, equilibrando a la perfecci\u00f3n la funcionalidad con una est\u00e9tica refinada y contempor\u00e1nea.<\/p>\n<\/li>\n<\/ul>\n<p data-path-to-node=\"6\"><b data-path-to-node=\"6\" data-index-in-node=\"0\">Caracter\u00edstica | Detalle<\/b><\/p>\n<ul data-path-to-node=\"7\">\n<li>\n<p data-path-to-node=\"7,0,0\"><b data-path-to-node=\"7,0,0\" data-index-in-node=\"0\">Dimensiones :<\/b> 90 cm ancho(la zona dela patas) x 25 cm fondo x 124 cm alto.<\/p>\n<\/li>\n<li>\n<p data-path-to-node=\"7,1,0\"><b data-path-to-node=\"7,1,0\" data-index-in-node=\"0\">Materiales :<\/b>\u00a0Madera maciza renovada con acabados premium eco-friendly y puertas de cristal.<\/p>\n<\/li>\n<li>\n<p data-path-to-node=\"7,2,0\"><b data-path-to-node=\"7,2,0\" data-index-in-node=\"0\">Estado :<\/b>\u00a0Restaurado y Reforzado (Pieza \u00danica).<\/p>\n<\/li>\n<li>\n<p data-path-to-node=\"7,3,0\"><b data-path-to-node=\"7,3,0\" data-index-in-node=\"0\">Env\u00edo y Transporte :<\/b><\/p>\n<\/li>\n<\/ul>\n","protected":false},"featured_media":5850,"template":"","meta":[],"product_brand":[],"product_cat":[96],"product_tag":[],"class_list":{"0":"post-5846","1":"product","2":"type-product","3":"status-publish","4":"has-post-thumbnail","6":"product_cat-vitrina","8":"first","9":"instock","10":"shipping-taxable","11":"purchasable","12":"product-type-simple"},"_links":{"self":[{"href":"https:\/\/dekantik.es\/index.php?rest_route=\/wp\/v2\/product\/5846","targetHints":{"allow":["GET"]}}],"collection":[{"href":"https:\/\/dekantik.es\/index.php?rest_route=\/wp\/v2\/product"}],"about":[{"href":"https:\/\/dekantik.es\/index.php?rest_route=\/wp\/v2\/types\/product"}],"wp:featuredmedia":[{"embeddable":true,"href":"https:\/\/dekantik.es\/index.php?rest_route=\/wp\/v2\/media\/5850"}],"wp:attachment":[{"href":"https:\/\/dekantik.es\/index.php?rest_route=%2Fwp%2Fv2%2Fmedia&parent=5846"}],"wp:term":[{"taxonomy":"product_brand","embeddable":true,"href":"https:\/\/dekantik.es\/index.php?rest_route=%2Fwp%2Fv2%2Fproduct_brand&post=5846"},{"taxonomy":"product_cat","embeddable":true,"href":"https:\/\/dekantik.es\/index.php?rest_route=%2Fwp%2Fv2%2Fproduct_cat&post=5846"},{"taxonomy":"product_tag","embeddable":true,"href":"https:\/\/dekantik.es\/index.php?rest_route=%2Fwp%2Fv2%2Fproduct_tag&post=5846"}],"curies":[{"name":"wp","href":"https:\/\/api.w.org\/{rel}","templated":true}]}}