{"id":5819,"date":"2026-04-13T13:23:04","date_gmt":"2026-04-13T11:23:04","guid":{"rendered":"https:\/\/dekantik.es\/?post_type=product&#038;p=5819"},"modified":"2026-04-13T13:36:00","modified_gmt":"2026-04-13T11:36:00","slug":"comoda-vera","status":"publish","type":"product","link":"https:\/\/dekantik.es\/?product=comoda-vera","title":{"rendered":"C\u00f3moda Vera"},"content":{"rendered":"<p><strong>Dekantik :\u00a0<\/strong>Piezas con historia, estilo y calidad que te acompa\u00f1ar\u00e1n por muchos a\u00f1os.<\/p>\n","protected":false},"excerpt":{"rendered":"<h3 data-path-to-node=\"5\"><b data-path-to-node=\"5\" data-index-in-node=\"0\">Almacenaje en Verde Vintage<\/b><\/h3>\n<p data-path-to-node=\"6\">Si buscas una pieza simple que combine la alegr\u00eda del verde con una funcionalidad excepcional, nuestra C\u00f3moda Vera es la elecci\u00f3n perfecta. Con su distintivo tono verde y su estructura de m\u00faltiples cajones, esta c\u00f3moda no solo es una soluci\u00f3n de organizaci\u00f3n impecable, sino una pieza con alma que aporta personalidad y un toque de distinci\u00f3n a cualquier espacio.<\/p>\n<hr data-path-to-node=\"7\" \/>\n<p data-path-to-node=\"8\"><b data-path-to-node=\"8\" data-index-in-node=\"0\">\u00bfQu\u00e9 hace especial a la Cajonera Cleo?<\/b><\/p>\n<ul data-path-to-node=\"9\">\n<li>\n<p data-path-to-node=\"9,0,0\"><b data-path-to-node=\"6,2,0\" data-index-in-node=\"0\">Funcionalidad Robusta:<\/b>\u00a0Cinco cajones de gran capacidad que ofrecen una soluci\u00f3n de almacenaje duradera y con estilo.<\/p>\n<\/li>\n<li><b data-path-to-node=\"9,2,0\" data-index-in-node=\"0\">Sostenibilidad y Robustez:<\/b> Una pieza \u00fanica y artesanal, rescatada para ofrecer una durabilidad garantizada y una presencia imponente que no pasa desapercibida.<\/li>\n<\/ul>\n<p data-path-to-node=\"10\"><b data-path-to-node=\"10\" data-index-in-node=\"0\">Caracter\u00edstica | Detalle<\/b><\/p>\n<ul data-path-to-node=\"11\">\n<li>\n<p data-path-to-node=\"11,0,0\"><b data-path-to-node=\"11,0,0\" data-index-in-node=\"0\">Dimensiones:<\/b> 80 cm ancho x 39 cm fondo x 89 cm alto.<\/p>\n<\/li>\n<li>\n<p data-path-to-node=\"11,1,0\"><b data-path-to-node=\"11,1,0\" data-index-in-node=\"0\">Materiales:<\/b> Madera maciza recuperada con acabados artesanales en verde.<\/p>\n<\/li>\n<li>\n<p data-path-to-node=\"11,2,0\"><b data-path-to-node=\"11,2,0\" data-index-in-node=\"0\">Estado:<\/b> Restaurado y Reforzado (Pieza \u00danica).<\/p>\n<\/li>\n<li>\n<p data-path-to-node=\"11,3,0\"><b data-path-to-node=\"11,3,0\" data-index-in-node=\"0\">Env\u00edo y Transporte:<\/b><\/p>\n<\/li>\n<\/ul>\n","protected":false},"featured_media":5831,"template":"","meta":[],"product_brand":[],"product_cat":[57],"product_tag":[],"class_list":{"0":"post-5819","1":"product","2":"type-product","3":"status-publish","4":"has-post-thumbnail","6":"product_cat-comoda","8":"first","9":"instock","10":"sold-individually","11":"shipping-taxable","12":"purchasable","13":"product-type-simple"},"_links":{"self":[{"href":"https:\/\/dekantik.es\/index.php?rest_route=\/wp\/v2\/product\/5819","targetHints":{"allow":["GET"]}}],"collection":[{"href":"https:\/\/dekantik.es\/index.php?rest_route=\/wp\/v2\/product"}],"about":[{"href":"https:\/\/dekantik.es\/index.php?rest_route=\/wp\/v2\/types\/product"}],"wp:featuredmedia":[{"embeddable":true,"href":"https:\/\/dekantik.es\/index.php?rest_route=\/wp\/v2\/media\/5831"}],"wp:attachment":[{"href":"https:\/\/dekantik.es\/index.php?rest_route=%2Fwp%2Fv2%2Fmedia&parent=5819"}],"wp:term":[{"taxonomy":"product_brand","embeddable":true,"href":"https:\/\/dekantik.es\/index.php?rest_route=%2Fwp%2Fv2%2Fproduct_brand&post=5819"},{"taxonomy":"product_cat","embeddable":true,"href":"https:\/\/dekantik.es\/index.php?rest_route=%2Fwp%2Fv2%2Fproduct_cat&post=5819"},{"taxonomy":"product_tag","embeddable":true,"href":"https:\/\/dekantik.es\/index.php?rest_route=%2Fwp%2Fv2%2Fproduct_tag&post=5819"}],"curies":[{"name":"wp","href":"https:\/\/api.w.org\/{rel}","templated":true}]}}