{"id":5818,"date":"2026-04-13T13:17:52","date_gmt":"2026-04-13T11:17:52","guid":{"rendered":"https:\/\/dekantik.es\/?post_type=product&#038;p=5818"},"modified":"2026-04-13T13:32:34","modified_gmt":"2026-04-13T11:32:34","slug":"comoda-luna-2","status":"publish","type":"product","link":"https:\/\/dekantik.es\/?product=comoda-luna-2","title":{"rendered":"C\u00f3moda Luna"},"content":{"rendered":"<p><strong>Dekantik :\u00a0<\/strong>Piezas con historia, estilo y calidad que te acompa\u00f1ar\u00e1n por muchos a\u00f1os.<\/p>\n","protected":false},"excerpt":{"rendered":"<h3 data-path-to-node=\"3\"><b data-path-to-node=\"3\" data-index-in-node=\"0\">Esencia Vintage\u00a0<\/b><\/h3>\n<p data-path-to-node=\"4\">La C\u00f3moda Luna es una pieza rescatada para decorar cualquier espacio. Su dise\u00f1o atemporal y sus detalles rectos la convierten en el mueble perfecto para quienes buscan personalidad sin renunciar a la funcionalidad. Con sus l\u00edneas suaves, esta c\u00f3moda refleja la verdadera esencia de la moda vintage adaptada al hogar moderno.<\/p>\n<p data-path-to-node=\"5\"><b data-path-to-node=\"5\" data-index-in-node=\"0\">Lo que la hace especial:<\/b><\/p>\n<ul data-path-to-node=\"6\">\n<li>\n<p data-path-to-node=\"6,0,0\"><b data-path-to-node=\"6,0,0\" data-index-in-node=\"0\">Dise\u00f1o Atemporal:<\/b> Una estructura cl\u00e1sica que nunca pasa de moda, con patas y encimera en natural.<\/p>\n<\/li>\n<li>\n<p data-path-to-node=\"6,1,0\"><b data-path-to-node=\"6,1,0\" data-index-in-node=\"0\">Acabado con Historia:<\/b> Su tono azul aporta un car\u00e1cter aut\u00e9ntico, ideal para crear ambientes con mucha personalidad.<\/p>\n<\/li>\n<li>\n<p data-path-to-node=\"6,2,0\"><b data-path-to-node=\"6,2,0\" data-index-in-node=\"0\">Funcionalidad Robusta:<\/b> Cinco cajones de gran capacidad que ofrecen una soluci\u00f3n de almacenaje duradera y con estilo.<\/p>\n<\/li>\n<\/ul>\n<p data-path-to-node=\"7\"><b data-path-to-node=\"7\" data-index-in-node=\"0\">Caracter\u00edstica | Detalle<\/b><\/p>\n<ul data-path-to-node=\"8\">\n<li>\n<p data-path-to-node=\"8,1,0\"><b data-path-to-node=\"8,1,0\" data-index-in-node=\"0\">Dimensiones :<\/b> 92 cm ancho x 40 cm fondo x 85 cm alto.<\/p>\n<\/li>\n<li>\n<p data-path-to-node=\"8,2,0\"><b data-path-to-node=\"8,2,0\" data-index-in-node=\"0\">Materiales :<\/b>\u00a0Madera maciza recuperada con acabados artesanales eco-friendly.<\/p>\n<\/li>\n<li>\n<p data-path-to-node=\"8,3,0\"><b data-path-to-node=\"8,3,0\" data-index-in-node=\"0\">Estado :<\/b>\u00a0Restaurado y Reforzado (Pieza \u00danica).<\/p>\n<\/li>\n<li>\n<p data-path-to-node=\"8,4,0\">\n<\/li>\n<\/ul>\n<hr data-path-to-node=\"9\" \/>\n<h3 data-path-to-node=\"10\"><\/h3>\n","protected":false},"featured_media":5830,"template":"","meta":[],"product_brand":[],"product_cat":[57],"product_tag":[],"class_list":{"0":"post-5818","1":"product","2":"type-product","3":"status-publish","4":"has-post-thumbnail","6":"product_cat-comoda","8":"first","9":"instock","10":"sold-individually","11":"shipping-taxable","12":"purchasable","13":"product-type-simple"},"_links":{"self":[{"href":"https:\/\/dekantik.es\/index.php?rest_route=\/wp\/v2\/product\/5818","targetHints":{"allow":["GET"]}}],"collection":[{"href":"https:\/\/dekantik.es\/index.php?rest_route=\/wp\/v2\/product"}],"about":[{"href":"https:\/\/dekantik.es\/index.php?rest_route=\/wp\/v2\/types\/product"}],"wp:featuredmedia":[{"embeddable":true,"href":"https:\/\/dekantik.es\/index.php?rest_route=\/wp\/v2\/media\/5830"}],"wp:attachment":[{"href":"https:\/\/dekantik.es\/index.php?rest_route=%2Fwp%2Fv2%2Fmedia&parent=5818"}],"wp:term":[{"taxonomy":"product_brand","embeddable":true,"href":"https:\/\/dekantik.es\/index.php?rest_route=%2Fwp%2Fv2%2Fproduct_brand&post=5818"},{"taxonomy":"product_cat","embeddable":true,"href":"https:\/\/dekantik.es\/index.php?rest_route=%2Fwp%2Fv2%2Fproduct_cat&post=5818"},{"taxonomy":"product_tag","embeddable":true,"href":"https:\/\/dekantik.es\/index.php?rest_route=%2Fwp%2Fv2%2Fproduct_tag&post=5818"}],"curies":[{"name":"wp","href":"https:\/\/api.w.org\/{rel}","templated":true}]}}