{"id":5569,"date":"2026-03-10T14:06:33","date_gmt":"2026-03-10T14:06:33","guid":{"rendered":"https:\/\/dekantik.es\/?post_type=product&#038;p=5569"},"modified":"2026-03-10T14:20:48","modified_gmt":"2026-03-10T14:20:48","slug":"consola-nora","status":"publish","type":"product","link":"https:\/\/dekantik.es\/?product=consola-nora","title":{"rendered":"Consola Nora"},"content":{"rendered":"<p><strong>Dekantik :\u00a0<\/strong>Piezas con historia, estilo y calidad que te acompa\u00f1ar\u00e1n por muchos a\u00f1os.<\/p>\n","protected":false},"excerpt":{"rendered":"<h3 data-path-to-node=\"5\"><b data-path-to-node=\"5\" data-index-in-node=\"0\">Decoraci\u00f3n al Natural\u00a0<\/b><\/h3>\n<p data-path-to-node=\"6\">La Consola Nora es una pieza que celebra la belleza de lo simple y la calidad de madera maciza. Con su dise\u00f1o de l\u00edneas rectas y su acabado natural, es el mueble perfecto para transformar cualquier entrada o pasillo en un espacio c\u00e1lido y moderno,<\/p>\n<p data-path-to-node=\"7\"><b data-path-to-node=\"7\" data-index-in-node=\"0\">Lo que la hace especial:<\/b><\/p>\n<ul>\n<li><b data-path-to-node=\"6,0,0\" data-index-in-node=\"0\">Sostenible:<\/b> Fabricada en madera maciza de teca, manteniendo la esencia del material y su huella natural.<\/li>\n<li><\/li>\n<li><b data-path-to-node=\"6,1,0\" data-index-in-node=\"0\">Funcional:<\/b> Sus dos cajones permiten organizar lo esencial manteniendo un perfil ligero y elegante.<\/li>\n<\/ul>\n<ul data-path-to-node=\"8\">\n<li style=\"list-style-type: none;\"><\/li>\n<\/ul>\n<p data-path-to-node=\"9\"><b data-path-to-node=\"9\" data-index-in-node=\"0\">Caracter\u00edstica | Detalle<\/b><\/p>\n<ul data-path-to-node=\"10\">\n<li>\n<p data-path-to-node=\"10,0,0\"><b data-path-to-node=\"10,0,0\" data-index-in-node=\"0\">Dimensiones:<\/b> 90cm ancho x 38cm fondo x 77cm alto<\/p>\n<\/li>\n<li>\n<p data-path-to-node=\"10,1,0\"><b data-path-to-node=\"10,1,0\" data-index-in-node=\"0\">Materiales:<\/b> Madera maciza natural con tiradores de lat\u00f3n envejecido.<\/p>\n<\/li>\n<li>\n<p data-path-to-node=\"10,2,0\"><b data-path-to-node=\"10,2,0\" data-index-in-node=\"0\">Estado:<\/b> Restaurado y Reforzado (Pieza \u00danica).<\/p>\n<\/li>\n<li>\n<p data-path-to-node=\"10,3,0\"><b data-path-to-node=\"10,3,0\" data-index-in-node=\"0\">Env\u00edo y Transporte<\/b><\/p>\n<\/li>\n<\/ul>\n<hr data-path-to-node=\"11\" \/>\n<h3 data-path-to-node=\"12\"><\/h3>\n","protected":false},"featured_media":5573,"template":"","meta":[],"product_brand":[],"product_cat":[95],"product_tag":[],"class_list":{"0":"post-5569","1":"product","2":"type-product","3":"status-publish","4":"has-post-thumbnail","6":"product_cat-aparador","8":"first","9":"instock","10":"sold-individually","11":"shipping-taxable","12":"purchasable","13":"product-type-simple"},"_links":{"self":[{"href":"https:\/\/dekantik.es\/index.php?rest_route=\/wp\/v2\/product\/5569","targetHints":{"allow":["GET"]}}],"collection":[{"href":"https:\/\/dekantik.es\/index.php?rest_route=\/wp\/v2\/product"}],"about":[{"href":"https:\/\/dekantik.es\/index.php?rest_route=\/wp\/v2\/types\/product"}],"wp:featuredmedia":[{"embeddable":true,"href":"https:\/\/dekantik.es\/index.php?rest_route=\/wp\/v2\/media\/5573"}],"wp:attachment":[{"href":"https:\/\/dekantik.es\/index.php?rest_route=%2Fwp%2Fv2%2Fmedia&parent=5569"}],"wp:term":[{"taxonomy":"product_brand","embeddable":true,"href":"https:\/\/dekantik.es\/index.php?rest_route=%2Fwp%2Fv2%2Fproduct_brand&post=5569"},{"taxonomy":"product_cat","embeddable":true,"href":"https:\/\/dekantik.es\/index.php?rest_route=%2Fwp%2Fv2%2Fproduct_cat&post=5569"},{"taxonomy":"product_tag","embeddable":true,"href":"https:\/\/dekantik.es\/index.php?rest_route=%2Fwp%2Fv2%2Fproduct_tag&post=5569"}],"curies":[{"name":"wp","href":"https:\/\/api.w.org\/{rel}","templated":true}]}}