{"id":5567,"date":"2026-03-09T19:19:50","date_gmt":"2026-03-09T19:19:50","guid":{"rendered":"https:\/\/dekantik.es\/?post_type=product&#038;p=5567"},"modified":"2026-03-20T12:35:42","modified_gmt":"2026-03-20T12:35:42","slug":"cajonera-nina","status":"publish","type":"product","link":"https:\/\/dekantik.es\/?product=cajonera-nina","title":{"rendered":"Cajonera Nina"},"content":{"rendered":"<div class=\"elementor-element elementor-element-acc7674 wpr-tabs-position-above wpr-forms-submit-left elementor-widget elementor-widget-wpr-product-tabs\" data-id=\"acc7674\" data-element_type=\"widget\" data-settings=\"{&quot;tab_transition_duration&quot;:0.5}\" data-widget_type=\"wpr-product-tabs.default\">\n<div class=\"elementor-widget-container\">\n<div class=\"wpr-product-tabs\">\n<div class=\"woocommerce-tabs wc-tabs-wrapper\">\n<div id=\"tab-description\" class=\"woocommerce-Tabs-panel woocommerce-Tabs-panel--description panel entry-content wc-tab\" role=\"tabpanel\" aria-labelledby=\"tab-title-description\">\n<p><strong>Dekantik :\u00a0<\/strong>Piezas con historia, estilo y calidad que te acompa\u00f1ar\u00e1n por muchos a\u00f1os.<\/p>\n<\/div>\n<\/div>\n<\/div>\n<\/div>\n<\/div>\n<div class=\"elementor-element elementor-element-ee8021f elementor-widget-divider--view-line elementor-widget elementor-widget-divider\" data-id=\"ee8021f\" data-element_type=\"widget\" data-widget_type=\"divider.default\">\n<div class=\"elementor-widget-container\">\n<div class=\"elementor-divider\"><\/div>\n<\/div>\n<\/div>\n","protected":false},"excerpt":{"rendered":"<div class=\"elementor-element elementor-element-b5249d4 elementor-widget elementor-widget-wpr-product-excerpt\" data-id=\"b5249d4\" data-element_type=\"widget\" data-widget_type=\"wpr-product-excerpt.default\">\n<div class=\"elementor-widget-container\">\n<div class=\"wpr-product-excerpt\">\n<h3 data-path-to-node=\"2\"><b data-path-to-node=\"2\" data-index-in-node=\"0\">Elegancia Natural\u00a0<\/b><\/h3>\n<p data-path-to-node=\"3\">La cajonera Nina es una celebraci\u00f3n de la naturaleza. Esta pieza no es solo un mueble, es una declaraci\u00f3n de intenciones. Fabricada \u00edntegramente en <b data-path-to-node=\"4\" data-index-in-node=\"94\">madera de teca maciza<\/b>, esta cajonera de gran formato destaca por su robustez y la calidez de sus vetas naturales. Su dise\u00f1o multicanal, con una amplia disposici\u00f3n de cajones, ofrece una soluci\u00f3n de almacenamiento definitiva sin sacrificar la est\u00e9tica.<\/p>\n<p data-path-to-node=\"7\"><b data-path-to-node=\"7\" data-index-in-node=\"0\">Lo que la hace especial:<\/b><\/p>\n<ul data-path-to-node=\"8\">\n<li>\n<p data-path-to-node=\"8,2,0\"><b data-path-to-node=\"8,2,0\" data-index-in-node=\"0\">Almacenaje con Estilo:<\/b> 10 cajones funcionales que ofrecen una soluci\u00f3n de organizaci\u00f3n robusta y duradera.<\/p>\n<\/li>\n<li>\n<p data-path-to-node=\"8,2,0\"><b data-path-to-node=\"5,0,0\" data-index-in-node=\"0\">Material:<\/b> Teca seleccionada con acabado natural.<\/p>\n<\/li>\n<li><b data-path-to-node=\"5,2,0\" data-index-in-node=\"0\">Estilo:<\/b> Un equilibrio perfecto entre el encanto colonial y el minimalismo moderno.\n<p data-path-to-node=\"10\"><b data-path-to-node=\"10\" data-index-in-node=\"0\">Caracter\u00edstica | Detalle<\/b><\/p>\n<ul data-path-to-node=\"11\">\n<li>\n<p data-path-to-node=\"11,0,0\"><b data-path-to-node=\"11,0,0\" data-index-in-node=\"0\">Dimensiones:<\/b> 100 cm ancho x 43 cm fondo x 107 cm alto.<\/p>\n<\/li>\n<li>\n<p data-path-to-node=\"11,1,0\"><b data-path-to-node=\"11,1,0\" data-index-in-node=\"0\">Materiales:<\/b>\u00a0Madera maciza recuperada con acabados artesanales premium.<\/p>\n<\/li>\n<li>\n<p data-path-to-node=\"11,2,0\"><b data-path-to-node=\"11,2,0\" data-index-in-node=\"0\">Estado:<\/b>\u00a0Restaurado y Reforzado (Pieza \u00danica).<\/p>\n<\/li>\n<li>\n<p data-path-to-node=\"11,3,0\"><b data-path-to-node=\"11,3,0\" data-index-in-node=\"0\">Env\u00edo y Transporte:<\/b><\/p>\n<\/li>\n<\/ul>\n<\/li>\n<\/ul>\n<\/div>\n<\/div>\n<\/div>\n<div class=\"elementor-element elementor-element-41e04ae elementor-widget-divider--view-line elementor-widget elementor-widget-divider\" data-id=\"41e04ae\" data-element_type=\"widget\" data-widget_type=\"divider.default\">\n<div class=\"elementor-widget-container\">\n<div class=\"elementor-divider\"><\/div>\n<\/div>\n<\/div>\n","protected":false},"featured_media":5679,"template":"","meta":[],"product_brand":[],"product_cat":[57],"product_tag":[],"class_list":{"0":"post-5567","1":"product","2":"type-product","3":"status-publish","4":"has-post-thumbnail","6":"product_cat-comoda","8":"first","9":"instock","10":"sold-individually","11":"shipping-taxable","12":"purchasable","13":"product-type-simple"},"_links":{"self":[{"href":"https:\/\/dekantik.es\/index.php?rest_route=\/wp\/v2\/product\/5567","targetHints":{"allow":["GET"]}}],"collection":[{"href":"https:\/\/dekantik.es\/index.php?rest_route=\/wp\/v2\/product"}],"about":[{"href":"https:\/\/dekantik.es\/index.php?rest_route=\/wp\/v2\/types\/product"}],"wp:featuredmedia":[{"embeddable":true,"href":"https:\/\/dekantik.es\/index.php?rest_route=\/wp\/v2\/media\/5679"}],"wp:attachment":[{"href":"https:\/\/dekantik.es\/index.php?rest_route=%2Fwp%2Fv2%2Fmedia&parent=5567"}],"wp:term":[{"taxonomy":"product_brand","embeddable":true,"href":"https:\/\/dekantik.es\/index.php?rest_route=%2Fwp%2Fv2%2Fproduct_brand&post=5567"},{"taxonomy":"product_cat","embeddable":true,"href":"https:\/\/dekantik.es\/index.php?rest_route=%2Fwp%2Fv2%2Fproduct_cat&post=5567"},{"taxonomy":"product_tag","embeddable":true,"href":"https:\/\/dekantik.es\/index.php?rest_route=%2Fwp%2Fv2%2Fproduct_tag&post=5567"}],"curies":[{"name":"wp","href":"https:\/\/api.w.org\/{rel}","templated":true}]}}