{"id":5547,"date":"2026-03-06T12:59:15","date_gmt":"2026-03-06T12:59:15","guid":{"rendered":"https:\/\/dekantik.es\/?post_type=product&#038;p=5547"},"modified":"2026-03-07T13:25:28","modified_gmt":"2026-03-07T13:25:28","slug":"vitrina-mimi","status":"publish","type":"product","link":"https:\/\/dekantik.es\/?product=vitrina-mimi","title":{"rendered":"Vitrina Mimi"},"content":{"rendered":"<p><strong>Dekantik :\u00a0<\/strong>Piezas con historia, estilo y calidad que te acompa\u00f1ar\u00e1n por muchos a\u00f1os.<\/p>\n","protected":false},"excerpt":{"rendered":"<div class=\"elementor-element elementor-element-e9b0256 elementor-widget elementor-widget-wpr-product-title\" data-id=\"e9b0256\" data-element_type=\"widget\" data-widget_type=\"wpr-product-title.default\">\n<div class=\"elementor-widget-container\"><\/div>\n<\/div>\n<div class=\"elementor-element elementor-element-2b603fc elementor-widget elementor-widget-wpr-product-stock\" data-id=\"2b603fc\" data-element_type=\"widget\" data-widget_type=\"wpr-product-stock.default\">\n<div class=\"elementor-widget-container\">\n<div class=\"wpr-product-stock\">\n<p class=\"in-stock\"><b data-path-to-node=\"3\" data-index-in-node=\"0\">Nobleza en Vertical<\/b><\/p>\n<\/div>\n<\/div>\n<\/div>\n<div class=\"elementor-element elementor-element-b5249d4 elementor-widget elementor-widget-wpr-product-excerpt\" data-id=\"b5249d4\" data-element_type=\"widget\" data-widget_type=\"wpr-product-excerpt.default\">\n<div class=\"elementor-widget-container\">\n<div class=\"wpr-product-excerpt\">\n<p data-path-to-node=\"4\">La vitrina Mimi es una pieza peque\u00f1a con una presencia \u00fanica que celebra la funcionalidad inteligente. Rescatado para ofrecer una soluci\u00f3n de almacenaje vers\u00e1til, este mueble combina la calidez inconfundible de la <b data-path-to-node=\"6\" data-index-in-node=\"209\">madera de teca maciza<\/b> con un dise\u00f1o que mezcla el encanto de una vitrina cl\u00e1sica y practica.<\/p>\n<p data-path-to-node=\"5\"><b data-path-to-node=\"5\" data-index-in-node=\"0\">Lo que la hace especial:<\/b><\/p>\n<ul data-path-to-node=\"6\">\n<li>\n<p data-path-to-node=\"6,0,0\"><b data-path-to-node=\"6,0,0\" data-index-in-node=\"0\">Teca Maciza de Alta Calidad:<\/b>\u00a0Construido en una de las maderas m\u00e1s nobles y duraderas, resaltando su veta natural y su resistencia excepcional.<\/p>\n<\/li>\n<li><b data-path-to-node=\"6,2,0\" data-index-in-node=\"0\">Artesan\u00eda Sostenible:<\/b> Recuperado y restaurado bajo procesos eco-friendly.<\/li>\n<\/ul>\n<p data-path-to-node=\"7\"><b data-path-to-node=\"7\" data-index-in-node=\"0\">Caracter\u00edstica | Detalle<\/b><\/p>\n<ul data-path-to-node=\"8\">\n<li>\n<p data-path-to-node=\"8,0,0\"><b data-path-to-node=\"8,0,0\" data-index-in-node=\"0\">Dimensiones : 33cm ancho x 33cm fondo x 117cm alto<\/b><\/p>\n<\/li>\n<li>\n<p data-path-to-node=\"8,1,0\"><b data-path-to-node=\"8,1,0\" data-index-in-node=\"0\">Materiales :<\/b> Madera de teca maciza recuperada\u00a0 y acabados naturales.<\/p>\n<\/li>\n<li>\n<p data-path-to-node=\"8,2,0\"><b data-path-to-node=\"8,2,0\" data-index-in-node=\"0\">Estado :<\/b>\u00a0Restaurado y Reforzado (Pieza \u00danica).<\/p>\n<\/li>\n<li>\n<p data-path-to-node=\"8,3,0\"><b data-path-to-node=\"8,3,0\" data-index-in-node=\"0\">Env\u00edo y Transporte<\/b><\/p>\n<\/li>\n<\/ul>\n<\/div>\n<\/div>\n<\/div>\n","protected":false},"featured_media":5537,"template":"","meta":[],"product_brand":[],"product_cat":[96],"product_tag":[],"class_list":{"0":"post-5547","1":"product","2":"type-product","3":"status-publish","4":"has-post-thumbnail","6":"product_cat-vitrina","8":"first","9":"instock","10":"shipping-taxable","11":"purchasable","12":"product-type-simple"},"_links":{"self":[{"href":"https:\/\/dekantik.es\/index.php?rest_route=\/wp\/v2\/product\/5547","targetHints":{"allow":["GET"]}}],"collection":[{"href":"https:\/\/dekantik.es\/index.php?rest_route=\/wp\/v2\/product"}],"about":[{"href":"https:\/\/dekantik.es\/index.php?rest_route=\/wp\/v2\/types\/product"}],"wp:featuredmedia":[{"embeddable":true,"href":"https:\/\/dekantik.es\/index.php?rest_route=\/wp\/v2\/media\/5537"}],"wp:attachment":[{"href":"https:\/\/dekantik.es\/index.php?rest_route=%2Fwp%2Fv2%2Fmedia&parent=5547"}],"wp:term":[{"taxonomy":"product_brand","embeddable":true,"href":"https:\/\/dekantik.es\/index.php?rest_route=%2Fwp%2Fv2%2Fproduct_brand&post=5547"},{"taxonomy":"product_cat","embeddable":true,"href":"https:\/\/dekantik.es\/index.php?rest_route=%2Fwp%2Fv2%2Fproduct_cat&post=5547"},{"taxonomy":"product_tag","embeddable":true,"href":"https:\/\/dekantik.es\/index.php?rest_route=%2Fwp%2Fv2%2Fproduct_tag&post=5547"}],"curies":[{"name":"wp","href":"https:\/\/api.w.org\/{rel}","templated":true}]}}