{"id":5512,"date":"2026-02-26T09:54:08","date_gmt":"2026-02-26T09:54:08","guid":{"rendered":"https:\/\/dekantik.es\/?post_type=product&#038;p=5512"},"modified":"2026-04-11T21:21:21","modified_gmt":"2026-04-11T19:21:21","slug":"aparador-luna","status":"publish","type":"product","link":"https:\/\/dekantik.es\/?product=aparador-luna","title":{"rendered":"Aparador Luna."},"content":{"rendered":"<p><strong>Dekantik :\u00a0<\/strong>Piezas con historia, estilo y calidad que te acompa\u00f1ar\u00e1n por muchos a\u00f1os.<\/p>\n","protected":false},"excerpt":{"rendered":"<p data-path-to-node=\"3\"><b data-path-to-node=\"3\" data-index-in-node=\"0\">Elegancia atemporal con car\u00e1cter artesanal.<\/b><\/p>\n<p data-path-to-node=\"4\">El Aparador Luna es una pieza \u00fanica que combina la robustez del dise\u00f1o cl\u00e1sico con un acabado contempor\u00e1neo en <b data-path-to-node=\"4\" data-index-in-node=\"111\">verde bosque profundo<\/b>. Ideal para quienes buscan transformar su hogar con muebles que cuentan una historia.<\/p>\n<p data-path-to-node=\"5\"><b data-path-to-node=\"7\" data-index-in-node=\"0\">Lo que la hace especial:<\/b><\/p>\n<ul data-path-to-node=\"6\">\n<li>\n<p data-path-to-node=\"6,0,0\"><b data-path-to-node=\"6,0,0\" data-index-in-node=\"0\">Dise\u00f1o Distintivo:<\/b> Sus molduras cl\u00e1sicas y tiradores met\u00e1licos dorados crean un contraste sofisticado y lujoso.<\/p>\n<\/li>\n<li>\n<p data-path-to-node=\"6,1,0\"><b data-path-to-node=\"6,1,0\" data-index-in-node=\"0\">Detalles Naturales:<\/b> Las patas en madera clara aportan ligereza visual y un toque org\u00e1nico que equilibra su presencia.<\/p>\n<\/li>\n<li>\n<p data-path-to-node=\"6,2,0\"><b data-path-to-node=\"6,2,0\" data-index-in-node=\"0\">Funcionalidad:<\/b> Amplio espacio de almacenaje interno para organizar tu vajilla, manteler\u00eda o libros.<\/p>\n<\/li>\n<li>\n<p data-path-to-node=\"9\"><b data-path-to-node=\"9\" data-index-in-node=\"0\">Caracter\u00edstica | Detalle<\/b><\/p>\n<ul data-path-to-node=\"10\">\n<li>\n<p data-path-to-node=\"10,0,0\"><b data-path-to-node=\"10,0,0\" data-index-in-node=\"0\">Dimensiones:<\/b> 100cm ancho x 37cm fondo 88cm alto<\/p>\n<\/li>\n<li>\n<p data-path-to-node=\"10,1,0\"><b data-path-to-node=\"10,1,0\" data-index-in-node=\"0\">Materiales:<\/b> Madera maciza natural con tiradores de lat\u00f3n envejecido.<\/p>\n<\/li>\n<li>\n<p data-path-to-node=\"10,2,0\"><b data-path-to-node=\"10,2,0\" data-index-in-node=\"0\">Estado:<\/b> Restaurado y Reforzado (Pieza \u00danica).<\/p>\n<\/li>\n<li>\n<p data-path-to-node=\"10,3,0\"><b data-path-to-node=\"10,3,0\" data-index-in-node=\"0\">Env\u00edo y Transporte<\/b><\/p>\n<\/li>\n<\/ul>\n<hr data-path-to-node=\"11\" \/>\n<h3 data-path-to-node=\"12\"><\/h3>\n<\/li>\n<\/ul>\n","protected":false},"featured_media":5639,"template":"","meta":[],"product_brand":[],"product_cat":[95],"product_tag":[],"class_list":{"0":"post-5512","1":"product","2":"type-product","3":"status-publish","4":"has-post-thumbnail","6":"product_cat-aparador","8":"first","9":"outofstock","10":"shipping-taxable","11":"purchasable","12":"product-type-simple"},"_links":{"self":[{"href":"https:\/\/dekantik.es\/index.php?rest_route=\/wp\/v2\/product\/5512","targetHints":{"allow":["GET"]}}],"collection":[{"href":"https:\/\/dekantik.es\/index.php?rest_route=\/wp\/v2\/product"}],"about":[{"href":"https:\/\/dekantik.es\/index.php?rest_route=\/wp\/v2\/types\/product"}],"wp:featuredmedia":[{"embeddable":true,"href":"https:\/\/dekantik.es\/index.php?rest_route=\/wp\/v2\/media\/5639"}],"wp:attachment":[{"href":"https:\/\/dekantik.es\/index.php?rest_route=%2Fwp%2Fv2%2Fmedia&parent=5512"}],"wp:term":[{"taxonomy":"product_brand","embeddable":true,"href":"https:\/\/dekantik.es\/index.php?rest_route=%2Fwp%2Fv2%2Fproduct_brand&post=5512"},{"taxonomy":"product_cat","embeddable":true,"href":"https:\/\/dekantik.es\/index.php?rest_route=%2Fwp%2Fv2%2Fproduct_cat&post=5512"},{"taxonomy":"product_tag","embeddable":true,"href":"https:\/\/dekantik.es\/index.php?rest_route=%2Fwp%2Fv2%2Fproduct_tag&post=5512"}],"curies":[{"name":"wp","href":"https:\/\/api.w.org\/{rel}","templated":true}]}}