{"id":5343,"date":"2025-12-12T10:44:18","date_gmt":"2025-12-12T10:44:18","guid":{"rendered":"https:\/\/dekantik.es\/?post_type=product&#038;p=5343"},"modified":"2026-04-13T13:34:55","modified_gmt":"2026-04-13T11:34:55","slug":"aparador-lina","status":"publish","type":"product","link":"https:\/\/dekantik.es\/?product=aparador-lina","title":{"rendered":"Aparador Lina"},"content":{"rendered":"<p><strong>Dekantik :\u00a0<\/strong>Piezas con historia, estilo y calidad que te acompa\u00f1ar\u00e1n por muchos a\u00f1os.A<\/p>\n","protected":false},"excerpt":{"rendered":"<h3 data-path-to-node=\"2\"><b data-path-to-node=\"2\" data-index-in-node=\"0\">Nobleza y Estilo en Madera Natural<\/b><\/h3>\n<p data-path-to-node=\"3\">El Aparador Lina es una pieza que celebra la solidez y la belleza org\u00e1nica de los materiales puros. Rescatado para aportar una elegancia serena a tu hogar, este mueble destaca por su acabado en madera natural, que revela una veta rica y llena de car\u00e1cter. Su dise\u00f1o equilibrado, que combina la ligereza visual de sus puertas en arco con la robustez de la madera maciza, lo convierte en una pieza vers\u00e1til que no pasa de moda, ideal para salones, comedores o recibidores que buscan un toque de distinci\u00f3n.<\/p>\n<p data-path-to-node=\"4\"><b data-path-to-node=\"4\" data-index-in-node=\"0\">Lo que lo hace especial:<\/b><\/p>\n<ul data-path-to-node=\"5\">\n<li>\n<p data-path-to-node=\"5,0,0\"><b data-path-to-node=\"5,0,0\" data-index-in-node=\"0\">Madera Natural de Alta Calidad:<\/b> Una estructura s\u00f3lida y elegante que aporta calidez y una textura inconfundible al espacio.<\/p>\n<\/li>\n<li>\n<p data-path-to-node=\"5,1,0\"><b data-path-to-node=\"5,1,0\" data-index-in-node=\"0\">Dise\u00f1o de Arcos \u00danico:<\/b> Sus puertas acristaladas con forma de arco ofrecen una ventana sofisticada para organizar y exponer tus objetos favoritos con estilo.<\/p>\n<\/li>\n<li>\n<p data-path-to-node=\"5,2,0\"><b data-path-to-node=\"5,2,0\" data-index-in-node=\"0\">Funcionalidad y Car\u00e1cter:<\/b> Equipado con cajones superiores y un amplio espacio interior, es la fusi\u00f3n perfecta entre capacidad de almacenaje y dise\u00f1o de autor.<\/p>\n<\/li>\n<\/ul>\n<p data-path-to-node=\"6\"><b data-path-to-node=\"6\" data-index-in-node=\"0\">Caracter\u00edstica | Detalle<\/b><\/p>\n<ul data-path-to-node=\"7\">\n<li>\n<p data-path-to-node=\"7,0,0\"><b data-path-to-node=\"7,0,0\" data-index-in-node=\"0\">Dimensiones :<\/b>\u00a0101 cm ancho x 41 cm fondo x 98 cm alto.<\/p>\n<\/li>\n<li>\n<p data-path-to-node=\"7,1,0\"><b data-path-to-node=\"7,1,0\" data-index-in-node=\"0\">Materiales :<\/b>\u00a0Madera maciza natural recuperada con acabados artesanales eco-friendly.<\/p>\n<\/li>\n<li>\n<p data-path-to-node=\"7,2,0\"><b data-path-to-node=\"7,2,0\" data-index-in-node=\"0\">Estado :<\/b>\u00a0Restaurado y Reforzado (Pieza \u00danica).<\/p>\n<\/li>\n<li>\n<p data-path-to-node=\"7,3,0\"><b data-path-to-node=\"7,3,0\" data-index-in-node=\"0\">Env\u00edo y Transporte :<\/b><\/p>\n<\/li>\n<\/ul>\n","protected":false},"featured_media":5829,"template":"","meta":[],"product_brand":[],"product_cat":[95],"product_tag":[],"class_list":{"0":"post-5343","1":"product","2":"type-product","3":"status-publish","4":"has-post-thumbnail","6":"product_cat-aparador","8":"first","9":"instock","10":"sold-individually","11":"shipping-taxable","12":"purchasable","13":"product-type-simple"},"_links":{"self":[{"href":"https:\/\/dekantik.es\/index.php?rest_route=\/wp\/v2\/product\/5343","targetHints":{"allow":["GET"]}}],"collection":[{"href":"https:\/\/dekantik.es\/index.php?rest_route=\/wp\/v2\/product"}],"about":[{"href":"https:\/\/dekantik.es\/index.php?rest_route=\/wp\/v2\/types\/product"}],"wp:featuredmedia":[{"embeddable":true,"href":"https:\/\/dekantik.es\/index.php?rest_route=\/wp\/v2\/media\/5829"}],"wp:attachment":[{"href":"https:\/\/dekantik.es\/index.php?rest_route=%2Fwp%2Fv2%2Fmedia&parent=5343"}],"wp:term":[{"taxonomy":"product_brand","embeddable":true,"href":"https:\/\/dekantik.es\/index.php?rest_route=%2Fwp%2Fv2%2Fproduct_brand&post=5343"},{"taxonomy":"product_cat","embeddable":true,"href":"https:\/\/dekantik.es\/index.php?rest_route=%2Fwp%2Fv2%2Fproduct_cat&post=5343"},{"taxonomy":"product_tag","embeddable":true,"href":"https:\/\/dekantik.es\/index.php?rest_route=%2Fwp%2Fv2%2Fproduct_tag&post=5343"}],"curies":[{"name":"wp","href":"https:\/\/api.w.org\/{rel}","templated":true}]}}