{"id":5282,"date":"2025-12-10T15:40:53","date_gmt":"2025-12-10T15:40:53","guid":{"rendered":"https:\/\/dekantik.es\/?post_type=product&#038;p=5282"},"modified":"2026-03-27T10:32:24","modified_gmt":"2026-03-27T10:32:24","slug":"vitrina-de-teca-lona","status":"publish","type":"product","link":"https:\/\/dekantik.es\/?product=vitrina-de-teca-lona","title":{"rendered":"Vitrina Lona"},"content":{"rendered":"<p><strong>Dekantik :\u00a0<\/strong>Piezas con historia, estilo y calidad que te acompa\u00f1ar\u00e1n por muchos a\u00f1os.<\/p>\n","protected":false},"excerpt":{"rendered":"<p data-path-to-node=\"4\"><b data-path-to-node=\"3\" data-index-in-node=\"0\">Calidez natural en madera de teca<\/b><\/p>\n<p data-path-to-node=\"4\">La <b data-path-to-node=\"4\" data-index-in-node=\"3\">Vitrina Lona<\/b> es mucho m\u00e1s que un mueble de almacenaje; es una pieza artesanal dise\u00f1ada para aportar serenidad y orden a cualquier rinc\u00f3n de tu hogar. Fabricada \u00edntegramente en <b data-path-to-node=\"4\" data-index-in-node=\"179\">madera maciza de teca<\/b>, destaca por su robustez y por la belleza org\u00e1nica de sus vetas naturales, que la hacen una pieza irrepetible.<\/p>\n<p data-path-to-node=\"5\"><b data-path-to-node=\"5\" data-index-in-node=\"0\">Lo que la hace especial:<\/b><\/p>\n<ul data-path-to-node=\"6\">\n<li>\n<p data-path-to-node=\"6,0,0\"><b data-path-to-node=\"6,0,0\" data-index-in-node=\"0\">Teca Maciza de Alta Calidad:<\/b>\u00a0Construido en una de las maderas m\u00e1s nobles y duraderas, resaltando su veta natural y su resistencia excepcional.<\/p>\n<\/li>\n<li><b data-path-to-node=\"6,2,0\" data-index-in-node=\"0\">Artesan\u00eda Sostenible:<\/b> Recuperado y restaurado bajo procesos eco-friendly.<\/li>\n<\/ul>\n<p data-path-to-node=\"7\"><b data-path-to-node=\"7\" data-index-in-node=\"0\">Caracter\u00edstica | Detalle<\/b><\/p>\n<ul data-path-to-node=\"8\">\n<li>\n<p data-path-to-node=\"8,0,0\"><b data-path-to-node=\"8,0,0\" data-index-in-node=\"0\">Dimensiones : 50cm ancho x 30cm fondo x 105cm alto<\/b><\/p>\n<\/li>\n<li>\n<p data-path-to-node=\"8,1,0\"><b data-path-to-node=\"8,1,0\" data-index-in-node=\"0\">Materiales :<\/b> Madera de teca maciza recuperada\u00a0 y acabados naturales.<\/p>\n<\/li>\n<li>\n<p data-path-to-node=\"8,2,0\"><b data-path-to-node=\"8,2,0\" data-index-in-node=\"0\">Estado :<\/b>\u00a0Restaurado y Reforzado (Pieza \u00danica).<\/p>\n<\/li>\n<li>\n<p data-path-to-node=\"8,3,0\"><b data-path-to-node=\"8,3,0\" data-index-in-node=\"0\">Env\u00edo y Transporte :<\/b><\/p>\n<\/li>\n<\/ul>\n","protected":false},"featured_media":5387,"template":"","meta":[],"product_brand":[],"product_cat":[96],"product_tag":[],"class_list":{"0":"post-5282","1":"product","2":"type-product","3":"status-publish","4":"has-post-thumbnail","6":"product_cat-vitrina","8":"first","9":"instock","10":"sold-individually","11":"shipping-taxable","12":"purchasable","13":"product-type-simple"},"_links":{"self":[{"href":"https:\/\/dekantik.es\/index.php?rest_route=\/wp\/v2\/product\/5282","targetHints":{"allow":["GET"]}}],"collection":[{"href":"https:\/\/dekantik.es\/index.php?rest_route=\/wp\/v2\/product"}],"about":[{"href":"https:\/\/dekantik.es\/index.php?rest_route=\/wp\/v2\/types\/product"}],"wp:featuredmedia":[{"embeddable":true,"href":"https:\/\/dekantik.es\/index.php?rest_route=\/wp\/v2\/media\/5387"}],"wp:attachment":[{"href":"https:\/\/dekantik.es\/index.php?rest_route=%2Fwp%2Fv2%2Fmedia&parent=5282"}],"wp:term":[{"taxonomy":"product_brand","embeddable":true,"href":"https:\/\/dekantik.es\/index.php?rest_route=%2Fwp%2Fv2%2Fproduct_brand&post=5282"},{"taxonomy":"product_cat","embeddable":true,"href":"https:\/\/dekantik.es\/index.php?rest_route=%2Fwp%2Fv2%2Fproduct_cat&post=5282"},{"taxonomy":"product_tag","embeddable":true,"href":"https:\/\/dekantik.es\/index.php?rest_route=%2Fwp%2Fv2%2Fproduct_tag&post=5282"}],"curies":[{"name":"wp","href":"https:\/\/api.w.org\/{rel}","templated":true}]}}