{"id":5207,"date":"2025-09-14T12:45:00","date_gmt":"2025-09-14T12:45:00","guid":{"rendered":"https:\/\/dekantik.es\/?post_type=product&#038;p=5207"},"modified":"2026-04-21T15:32:45","modified_gmt":"2026-04-21T13:32:45","slug":"cajonera-leta","status":"publish","type":"product","link":"https:\/\/dekantik.es\/?product=cajonera-leta","title":{"rendered":"Cajonera Leta"},"content":{"rendered":"<p><strong>Dekantik :\u00a0<\/strong>Piezas con historia, estilo y calidad que te acompa\u00f1ar\u00e1n por muchos a\u00f1os.<\/p>\n","protected":false},"excerpt":{"rendered":"<h3 data-path-to-node=\"3\"><b data-path-to-node=\"3\" data-index-in-node=\"0\">Orden con Historia<\/b><\/h3>\n<p data-path-to-node=\"4\">La Cajonera Leta es una pieza rescatada que celebra la robustez y la belleza eterna de la <b data-path-to-node=\"4\" data-index-in-node=\"124\">madera de teca maciza<\/b>. Su transformaci\u00f3n se ha centrado en potenciar la veta natural y el tono c\u00e1lido de este material noble, creando un mueble imponente que combina la funcionalidad de un gran almacenaje con el prestigio del dise\u00f1o artesanal de <b data-path-to-node=\"4\" data-index-in-node=\"370\">Dekantik<\/b>.<\/p>\n<p data-path-to-node=\"5\"><b data-path-to-node=\"5\" data-index-in-node=\"0\">Lo que la hace especial:<\/b><\/p>\n<ul data-path-to-node=\"6\">\n<li>\n<p data-path-to-node=\"6,0,0\"><b data-path-to-node=\"6,0,0\" data-index-in-node=\"0\">Teca Maciza Recuperada:<\/b> Fabricada en una de las maderas m\u00e1s valiosas del mundo, conocida por su resistencia excepcional y su textura inconfundible.<\/p>\n<\/li>\n<li>\n<p data-path-to-node=\"6,1,0\"><b data-path-to-node=\"6,1,0\" data-index-in-node=\"0\">Sostenibilidad de Autor:<\/b> Una pieza \u00fanica restaurada a mano bajo procesos de econom\u00eda circular, ideal para hogares con conciencia y estilo.<\/p>\n<\/li>\n<li>\n<p data-path-to-node=\"6,2,0\"><b data-path-to-node=\"6,2,0\" data-index-in-node=\"0\">Almacenaje Generoso:<\/b> Sus amplios cajones ofrecen una soluci\u00f3n de organizaci\u00f3n robusta, dise\u00f1ada para durar generaciones.<\/p>\n<\/li>\n<\/ul>\n<p data-path-to-node=\"7\"><b data-path-to-node=\"7\" data-index-in-node=\"0\">Caracter\u00edstica | Detalle<\/b><\/p>\n<ul data-path-to-node=\"8\">\n<li><b data-path-to-node=\"8,1,0\" data-index-in-node=\"0\"><b data-path-to-node=\"8,1,0\" data-index-in-node=\"0\">Dimensiones : <\/b><\/b>52cm ancho x 47cm fondo x 132cm alto<\/li>\n<li>\n<p data-path-to-node=\"8,2,0\"><b data-path-to-node=\"8,2,0\" data-index-in-node=\"0\">Materiales |<\/b> Madera de teca maciza recuperada con acabados eco-friendly.<\/p>\n<\/li>\n<li>\n<p data-path-to-node=\"8,3,0\"><b data-path-to-node=\"8,3,0\" data-index-in-node=\"0\">Estado |<\/b> Restaurado y Reforzado (Pieza \u00danica).<\/p>\n<\/li>\n<li>\n<p data-path-to-node=\"8,4,0\"><b data-path-to-node=\"8,4,0\" data-index-in-node=\"0\">Env\u00edo\u00a0<\/b><\/p>\n<\/li>\n<\/ul>\n<hr data-path-to-node=\"9\" \/>\n<h3 data-path-to-node=\"10\"><\/h3>\n<p>&nbsp;<\/p>\n","protected":false},"featured_media":5657,"template":"","meta":[],"product_brand":[],"product_cat":[57],"product_tag":[],"class_list":{"0":"post-5207","1":"product","2":"type-product","3":"status-publish","4":"has-post-thumbnail","6":"product_cat-comoda","8":"first","9":"instock","10":"sold-individually","11":"shipping-taxable","12":"purchasable","13":"product-type-simple"},"_links":{"self":[{"href":"https:\/\/dekantik.es\/index.php?rest_route=\/wp\/v2\/product\/5207","targetHints":{"allow":["GET"]}}],"collection":[{"href":"https:\/\/dekantik.es\/index.php?rest_route=\/wp\/v2\/product"}],"about":[{"href":"https:\/\/dekantik.es\/index.php?rest_route=\/wp\/v2\/types\/product"}],"wp:featuredmedia":[{"embeddable":true,"href":"https:\/\/dekantik.es\/index.php?rest_route=\/wp\/v2\/media\/5657"}],"wp:attachment":[{"href":"https:\/\/dekantik.es\/index.php?rest_route=%2Fwp%2Fv2%2Fmedia&parent=5207"}],"wp:term":[{"taxonomy":"product_brand","embeddable":true,"href":"https:\/\/dekantik.es\/index.php?rest_route=%2Fwp%2Fv2%2Fproduct_brand&post=5207"},{"taxonomy":"product_cat","embeddable":true,"href":"https:\/\/dekantik.es\/index.php?rest_route=%2Fwp%2Fv2%2Fproduct_cat&post=5207"},{"taxonomy":"product_tag","embeddable":true,"href":"https:\/\/dekantik.es\/index.php?rest_route=%2Fwp%2Fv2%2Fproduct_tag&post=5207"}],"curies":[{"name":"wp","href":"https:\/\/api.w.org\/{rel}","templated":true}]}}