{"id":5197,"date":"2025-09-14T12:34:25","date_gmt":"2025-09-14T12:34:25","guid":{"rendered":"https:\/\/dekantik.es\/?post_type=product&#038;p=5197"},"modified":"2026-03-20T12:34:26","modified_gmt":"2026-03-20T12:34:26","slug":"cajonera-nerea","status":"publish","type":"product","link":"https:\/\/dekantik.es\/?product=cajonera-nerea","title":{"rendered":"Cajonera Nerea"},"content":{"rendered":"<p><strong>Dekantik :\u00a0<\/strong>Piezas con historia, estilo y calidad que te acompa\u00f1ar\u00e1n por muchos a\u00f1os.<\/p>\n","protected":false},"excerpt":{"rendered":"<h3 data-path-to-node=\"5\"><b data-path-to-node=\"5\" data-index-in-node=\"0\">Calidez Oriental y Nobleza en Teca<\/b><\/h3>\n<p data-path-to-node=\"6\">Si buscas una pieza que aporte car\u00e1cter y un toque ex\u00f3tico a tu hogar, nuestra Cajonera Leo es la elecci\u00f3n perfecta. Confeccionada en madera maciza de teca, esta pieza destaca por la riqueza de sus vetas naturales y un dise\u00f1o robusto que evoca la artesan\u00eda tradicional. Es el mueble ideal para quienes valoran la durabilidad de los materiales nobles y desean una pieza con una personalidad \u00fanica que resalte en cualquier estancia.<\/p>\n<hr data-path-to-node=\"7\" \/>\n<p data-path-to-node=\"8\"><b data-path-to-node=\"8\" data-index-in-node=\"0\">\u00bfQu\u00e9 hace especial a la Cajonera Leo?<\/b><\/p>\n<ul data-path-to-node=\"9\">\n<li>\n<p data-path-to-node=\"9,0,0\"><b data-path-to-node=\"9,0,0\" data-index-in-node=\"0\">Dise\u00f1o de Autor:<\/b> Sus frontales lisos resaltando la madera y tiradores artesanales aportan una distinci\u00f3n visual que la convierte en una pieza de coleccionista.<\/p>\n<\/li>\n<li>\n<p data-path-to-node=\"9,1,0\"><b data-path-to-node=\"9,1,0\" data-index-in-node=\"0\">Material de Alta Calidad:<\/b> Fabricada \u00edntegramente en teca recuperada, una madera extremadamente resistente y apreciada por su belleza natural y calidez.<\/p>\n<\/li>\n<li>\n<p data-path-to-node=\"9,2,0\"><b data-path-to-node=\"9,2,0\" data-index-in-node=\"0\">Almacenaje con Estilo:<\/b> Sus amplios cajones ofrecen una soluci\u00f3n pr\u00e1ctica y elegante para organizar tu espacio, manteniendo siempre la est\u00e9tica de un mueble de autor.<\/p>\n<\/li>\n<\/ul>\n<p data-path-to-node=\"10\"><b data-path-to-node=\"10\" data-index-in-node=\"0\">Caracter\u00edstica | Detalle<\/b><\/p>\n<ul data-path-to-node=\"11\">\n<li>\n<p data-path-to-node=\"11,0,0\"><b data-path-to-node=\"11,0,0\" data-index-in-node=\"0\">Dimensiones:<\/b> 52 cm ancho x 44 cm fondo x 111 cm alto.<\/p>\n<\/li>\n<li>\n<p data-path-to-node=\"11,1,0\"><b data-path-to-node=\"11,1,0\" data-index-in-node=\"0\">Materiales:<\/b> Madera maciza de teca con acabados naturales al aceite.<\/p>\n<\/li>\n<li>\n<p data-path-to-node=\"11,2,0\"><b data-path-to-node=\"11,2,0\" data-index-in-node=\"0\">Estado:<\/b> Restaurado y Reforzado (Pieza \u00danica).<\/p>\n<\/li>\n<li>\n<p data-path-to-node=\"11,3,0\"><b data-path-to-node=\"11,3,0\" data-index-in-node=\"0\">Env\u00edo y Transporte:<\/b><\/p>\n<\/li>\n<\/ul>\n<hr data-path-to-node=\"12\" \/>\n<h3 data-path-to-node=\"13\"><\/h3>\n","protected":false},"featured_media":5656,"template":"","meta":[],"product_brand":[],"product_cat":[57],"product_tag":[],"class_list":{"0":"post-5197","1":"product","2":"type-product","3":"status-publish","4":"has-post-thumbnail","6":"product_cat-comoda","8":"first","9":"instock","10":"sold-individually","11":"shipping-taxable","12":"purchasable","13":"product-type-simple"},"_links":{"self":[{"href":"https:\/\/dekantik.es\/index.php?rest_route=\/wp\/v2\/product\/5197","targetHints":{"allow":["GET"]}}],"collection":[{"href":"https:\/\/dekantik.es\/index.php?rest_route=\/wp\/v2\/product"}],"about":[{"href":"https:\/\/dekantik.es\/index.php?rest_route=\/wp\/v2\/types\/product"}],"wp:featuredmedia":[{"embeddable":true,"href":"https:\/\/dekantik.es\/index.php?rest_route=\/wp\/v2\/media\/5656"}],"wp:attachment":[{"href":"https:\/\/dekantik.es\/index.php?rest_route=%2Fwp%2Fv2%2Fmedia&parent=5197"}],"wp:term":[{"taxonomy":"product_brand","embeddable":true,"href":"https:\/\/dekantik.es\/index.php?rest_route=%2Fwp%2Fv2%2Fproduct_brand&post=5197"},{"taxonomy":"product_cat","embeddable":true,"href":"https:\/\/dekantik.es\/index.php?rest_route=%2Fwp%2Fv2%2Fproduct_cat&post=5197"},{"taxonomy":"product_tag","embeddable":true,"href":"https:\/\/dekantik.es\/index.php?rest_route=%2Fwp%2Fv2%2Fproduct_tag&post=5197"}],"curies":[{"name":"wp","href":"https:\/\/api.w.org\/{rel}","templated":true}]}}