{"id":5160,"date":"2025-08-27T09:56:04","date_gmt":"2025-08-27T09:56:04","guid":{"rendered":"https:\/\/dekantik.es\/?post_type=product&#038;p=5160"},"modified":"2026-03-16T08:33:46","modified_gmt":"2026-03-16T08:33:46","slug":"mesitas-de-noche-lima","status":"publish","type":"product","link":"https:\/\/dekantik.es\/?product=mesitas-de-noche-lima","title":{"rendered":"Mesitas Lima"},"content":{"rendered":"<p><strong>Dekantik :\u00a0<\/strong>Piezas con historia, estilo y calidad que te acompa\u00f1ar\u00e1n por muchos a\u00f1os.<\/p>\n","protected":false},"excerpt":{"rendered":"<p><strong data-start=\"66\" data-end=\"105\">Mesitas de noche antiguas de madera<\/strong><br data-start=\"109\" data-end=\"112\" \/>Con el encanto \u00fanico del tiempo y la calidez de la madera maciza, estas mesitas son el detalle perfecto para dar personalidad y estilo a tu dormitorio.<\/p>\n<p>Medidas :<\/p>\n<p>29cm ancho<\/p>\n<p>29cm fondo<\/p>\n<p>66cm alto<\/p>\n","protected":false},"featured_media":5319,"template":"","meta":[],"product_brand":[],"product_cat":[94],"product_tag":[],"class_list":{"0":"post-5160","1":"product","2":"type-product","3":"status-publish","4":"has-post-thumbnail","6":"product_cat-mesitas-de-noche","8":"first","9":"outofstock","10":"sold-individually","11":"shipping-taxable","12":"purchasable","13":"product-type-simple"},"_links":{"self":[{"href":"https:\/\/dekantik.es\/index.php?rest_route=\/wp\/v2\/product\/5160","targetHints":{"allow":["GET"]}}],"collection":[{"href":"https:\/\/dekantik.es\/index.php?rest_route=\/wp\/v2\/product"}],"about":[{"href":"https:\/\/dekantik.es\/index.php?rest_route=\/wp\/v2\/types\/product"}],"wp:featuredmedia":[{"embeddable":true,"href":"https:\/\/dekantik.es\/index.php?rest_route=\/wp\/v2\/media\/5319"}],"wp:attachment":[{"href":"https:\/\/dekantik.es\/index.php?rest_route=%2Fwp%2Fv2%2Fmedia&parent=5160"}],"wp:term":[{"taxonomy":"product_brand","embeddable":true,"href":"https:\/\/dekantik.es\/index.php?rest_route=%2Fwp%2Fv2%2Fproduct_brand&post=5160"},{"taxonomy":"product_cat","embeddable":true,"href":"https:\/\/dekantik.es\/index.php?rest_route=%2Fwp%2Fv2%2Fproduct_cat&post=5160"},{"taxonomy":"product_tag","embeddable":true,"href":"https:\/\/dekantik.es\/index.php?rest_route=%2Fwp%2Fv2%2Fproduct_tag&post=5160"}],"curies":[{"name":"wp","href":"https:\/\/api.w.org\/{rel}","templated":true}]}}