{"id":5082,"date":"2025-07-21T15:21:17","date_gmt":"2025-07-21T15:21:17","guid":{"rendered":"https:\/\/dekantik.es\/?post_type=product&#038;p=5082"},"modified":"2026-03-27T10:32:57","modified_gmt":"2026-03-27T10:32:57","slug":"vitrina-vintage-loli","status":"publish","type":"product","link":"https:\/\/dekantik.es\/?product=vitrina-vintage-loli","title":{"rendered":"Vitrina Loli"},"content":{"rendered":"<p><strong>Dekantik :\u00a0<\/strong>Piezas con historia, estilo y calidad que te acompa\u00f1ar\u00e1n por muchos a\u00f1os.<\/p>\n","protected":false},"excerpt":{"rendered":"<h3 data-path-to-node=\"5\"><b data-path-to-node=\"5\" data-index-in-node=\"0\">Elegancia Atemporal y Artesanal<\/b><\/h3>\n<p data-path-to-node=\"6\">Si buscas una pieza imponente que combine la nobleza de la madera maciza con la ligereza del cristal, nuestra Vitrina Alma es la elecci\u00f3n perfecta. Con su dise\u00f1o de l\u00edneas cl\u00e1sicas y su acabado verde, esta vitrina no solo ofrece un espacio de exposici\u00f3n privilegiado para tus objetos m\u00e1s queridos, sino que aporta una luminosidad y una distinci\u00f3n \u00fanicas a tu sal\u00f3n o comedor, convirti\u00e9ndose en el alma de la estancia.<\/p>\n<hr data-path-to-node=\"7\" \/>\n<p data-path-to-node=\"8\"><b data-path-to-node=\"5\" data-index-in-node=\"0\">Lo que la hace especial:<\/b><\/p>\n<ul data-path-to-node=\"9\">\n<li>\n<p data-path-to-node=\"9,0,0\"><b data-path-to-node=\"9,0,0\" data-index-in-node=\"0\">Dise\u00f1o de Autor:<\/b> Destaca por su estructura de doble cuerpo con frentes acristalados, ofreciendo un equilibrio perfecto entre exhibici\u00f3n y almacenaje oculto.<\/p>\n<\/li>\n<li>\n<p data-path-to-node=\"9,1,0\"><b data-path-to-node=\"9,1,0\" data-index-in-node=\"0\">Nobleza Natural:<\/b> Fabricada en madera maciza\u00a0 y matices originales<\/p>\n<\/li>\n<li>\n<p data-path-to-node=\"9,2,0\"><b data-path-to-node=\"9,2,0\" data-index-in-node=\"0\">Versatilidad y Luz:<\/b> Sus amplios estantes interiores protegidos por cristal permiten que la luz fluya, creando un escaparate elegante que protege tus tesoros mientras los integra en la decoraci\u00f3n.<\/p>\n<\/li>\n<\/ul>\n<p data-path-to-node=\"10\"><b data-path-to-node=\"10\" data-index-in-node=\"0\">Caracter\u00edstica | Detalle<\/b><\/p>\n<ul data-path-to-node=\"11\">\n<li>\n<p data-path-to-node=\"11,0,0\"><b data-path-to-node=\"11,0,0\" data-index-in-node=\"0\">Dimensiones:<\/b> 46 cm ancho x 37 cm fondo x 160 cm alto.<\/p>\n<\/li>\n<li>\n<p data-path-to-node=\"11,1,0\"><b data-path-to-node=\"11,1,0\" data-index-in-node=\"0\">Materiales:<\/b> Madera maciza recuperada de alta calidad, frentes de cristal y herrajes met\u00e1licos.<\/p>\n<\/li>\n<li>\n<p data-path-to-node=\"11,2,0\"><b data-path-to-node=\"11,2,0\" data-index-in-node=\"0\">Estado:<\/b> Restaurado y Reforzado (Pieza \u00danica).<\/p>\n<\/li>\n<li>\n<p data-path-to-node=\"11,3,0\"><b data-path-to-node=\"11,3,0\" data-index-in-node=\"0\">Env\u00edo y Transporte:<\/b><\/p>\n<\/li>\n<\/ul>\n","protected":false},"featured_media":5720,"template":"","meta":[],"product_brand":[],"product_cat":[96],"product_tag":[],"class_list":{"0":"post-5082","1":"product","2":"type-product","3":"status-publish","4":"has-post-thumbnail","6":"product_cat-vitrina","8":"first","9":"instock","10":"shipping-taxable","11":"purchasable","12":"product-type-simple"},"_links":{"self":[{"href":"https:\/\/dekantik.es\/index.php?rest_route=\/wp\/v2\/product\/5082","targetHints":{"allow":["GET"]}}],"collection":[{"href":"https:\/\/dekantik.es\/index.php?rest_route=\/wp\/v2\/product"}],"about":[{"href":"https:\/\/dekantik.es\/index.php?rest_route=\/wp\/v2\/types\/product"}],"wp:featuredmedia":[{"embeddable":true,"href":"https:\/\/dekantik.es\/index.php?rest_route=\/wp\/v2\/media\/5720"}],"wp:attachment":[{"href":"https:\/\/dekantik.es\/index.php?rest_route=%2Fwp%2Fv2%2Fmedia&parent=5082"}],"wp:term":[{"taxonomy":"product_brand","embeddable":true,"href":"https:\/\/dekantik.es\/index.php?rest_route=%2Fwp%2Fv2%2Fproduct_brand&post=5082"},{"taxonomy":"product_cat","embeddable":true,"href":"https:\/\/dekantik.es\/index.php?rest_route=%2Fwp%2Fv2%2Fproduct_cat&post=5082"},{"taxonomy":"product_tag","embeddable":true,"href":"https:\/\/dekantik.es\/index.php?rest_route=%2Fwp%2Fv2%2Fproduct_tag&post=5082"}],"curies":[{"name":"wp","href":"https:\/\/api.w.org\/{rel}","templated":true}]}}