{"id":5029,"date":"2025-07-21T11:38:39","date_gmt":"2025-07-21T11:38:39","guid":{"rendered":"https:\/\/dekantik.es\/?post_type=product&#038;p=5029"},"modified":"2026-02-19T21:57:22","modified_gmt":"2026-02-19T21:57:22","slug":"vitrina-botellero-de-teca-marla","status":"publish","type":"product","link":"https:\/\/dekantik.es\/?product=vitrina-botellero-de-teca-marla","title":{"rendered":"Botellero Marla"},"content":{"rendered":"<p><strong>Dekantik :\u00a0<\/strong>Piezas con historia, estilo y calidad que te acompa\u00f1ar\u00e1n por muchos a\u00f1os.<\/p>\n","protected":false},"excerpt":{"rendered":"<p>Botellero macizo de teka<\/p>\n<p>Pieza \u00fanica y de gran valor que ofrece una combinaci\u00f3n perfecta de elegancia y funcionalidad. Con una estructura robusta y un dise\u00f1o que resalta la belleza natural de la madera de teca y el rat\u00e1n este botellero es ideal para quienes buscan un mueble con car\u00e1cter y estilo.<\/p>\n<p>Medidas :<\/p>\n<p>80cm ancho<\/p>\n<p>42cm fondo<\/p>\n<p>127cm alto<\/p>\n","protected":false},"featured_media":5294,"template":"","meta":[],"product_brand":[],"product_cat":[96],"product_tag":[],"class_list":{"0":"post-5029","1":"product","2":"type-product","3":"status-publish","4":"has-post-thumbnail","6":"product_cat-vitrina","8":"first","9":"outofstock","10":"sold-individually","11":"shipping-taxable","12":"purchasable","13":"product-type-simple"},"_links":{"self":[{"href":"https:\/\/dekantik.es\/index.php?rest_route=\/wp\/v2\/product\/5029","targetHints":{"allow":["GET"]}}],"collection":[{"href":"https:\/\/dekantik.es\/index.php?rest_route=\/wp\/v2\/product"}],"about":[{"href":"https:\/\/dekantik.es\/index.php?rest_route=\/wp\/v2\/types\/product"}],"wp:featuredmedia":[{"embeddable":true,"href":"https:\/\/dekantik.es\/index.php?rest_route=\/wp\/v2\/media\/5294"}],"wp:attachment":[{"href":"https:\/\/dekantik.es\/index.php?rest_route=%2Fwp%2Fv2%2Fmedia&parent=5029"}],"wp:term":[{"taxonomy":"product_brand","embeddable":true,"href":"https:\/\/dekantik.es\/index.php?rest_route=%2Fwp%2Fv2%2Fproduct_brand&post=5029"},{"taxonomy":"product_cat","embeddable":true,"href":"https:\/\/dekantik.es\/index.php?rest_route=%2Fwp%2Fv2%2Fproduct_cat&post=5029"},{"taxonomy":"product_tag","embeddable":true,"href":"https:\/\/dekantik.es\/index.php?rest_route=%2Fwp%2Fv2%2Fproduct_tag&post=5029"}],"curies":[{"name":"wp","href":"https:\/\/api.w.org\/{rel}","templated":true}]}}