{"id":4939,"date":"2025-06-25T10:31:26","date_gmt":"2025-06-25T10:31:26","guid":{"rendered":"https:\/\/dekantik.es\/?post_type=product&#038;p=4939"},"modified":"2026-03-20T12:38:17","modified_gmt":"2026-03-20T12:38:17","slug":"mesitas-de-noche-vivi","status":"publish","type":"product","link":"https:\/\/dekantik.es\/?product=mesitas-de-noche-vivi","title":{"rendered":"Mesitas Vivi"},"content":{"rendered":"<p><strong>Dekantik :\u00a0<\/strong>Piezas con historia, estilo y calidad que te acompa\u00f1ar\u00e1n por muchos a\u00f1os.<\/p>\n","protected":false},"excerpt":{"rendered":"<h3 data-path-to-node=\"3\"><b data-path-to-node=\"3\" data-index-in-node=\"0\">Frescura y Encanto Natural<\/b><\/h3>\n<p data-path-to-node=\"4\">El conjunto Vivi es la esencia de la serenidad en el dormitorio. Estas mesitas han sido rescatadas para crear un rinc\u00f3n de descanso lleno de luz, combinando un acabado verde oliva suave con la calidez de la madera maciza natural en sus sobres. Un dise\u00f1o funcional que aporta ese aire fresco y artesanal que transforma cualquier estancia en un hogar.<\/p>\n<p data-path-to-node=\"5\"><b data-path-to-node=\"5\" data-index-in-node=\"0\">Lo que las hace especiales:<\/b><\/p>\n<ul data-path-to-node=\"6\">\n<li>\n<p data-path-to-node=\"6,0,0\"><b data-path-to-node=\"6,0,0\" data-index-in-node=\"0\">Contraste Org\u00e1nico:<\/b> La combinaci\u00f3n de la base en tono oliva y la madera vista crea un equilibrio perfecto entre lo moderno y lo r\u00fastico.<\/p>\n<\/li>\n<li>\n<p data-path-to-node=\"6,1,0\"><b data-path-to-node=\"6,1,0\" data-index-in-node=\"0\">Madera Maciza Recuperada:<\/b> Piezas robustas con alma, tratadas con ceras y acabados eco-friendly para resaltar su textura aut\u00e9ntica.<\/p>\n<\/li>\n<li>\n<p data-path-to-node=\"6,2,0\"><b data-path-to-node=\"6,2,0\" data-index-in-node=\"0\">Estilo Vers\u00e1til:<\/b> Su dise\u00f1o ligero y sus pr\u00e1cticos cajones las hacen ideales tanto para dormitorios principales como para acogedoras habitaciones de invitados.<\/p>\n<\/li>\n<\/ul>\n<p data-path-to-node=\"7\"><b data-path-to-node=\"7\" data-index-in-node=\"0\">Caracter\u00edstica | Detalle<\/b><\/p>\n<ul data-path-to-node=\"8\">\n<li><b data-path-to-node=\"8,1,0\" data-index-in-node=\"0\">Dimensiones : <\/b><span style=\"font-size: 16px;\">43cm ancho x <\/span>27cm fondo x 61cm alto<\/li>\n<li>\n<p data-path-to-node=\"8,1,0\"><b data-path-to-node=\"8,1,0\" data-index-in-node=\"0\"><\/b><b data-path-to-node=\"8,2,0\" data-index-in-node=\"0\">Materiales |<\/b> Madera maciza recuperada con acabados premium respetuosos con el medio ambiente.<\/p>\n<\/li>\n<li>\n<p data-path-to-node=\"8,3,0\"><b data-path-to-node=\"8,3,0\" data-index-in-node=\"0\">Estado |<\/b> Restauradas y Reforzadas (Juego de 2 unidades).<\/p>\n<\/li>\n<li>\n<p data-path-to-node=\"8,4,0\"><b data-path-to-node=\"8,4,0\" data-index-in-node=\"0\">Env\u00edo |<\/b><\/p>\n<\/li>\n<\/ul>\n<hr data-path-to-node=\"9\" \/>\n<h3 data-path-to-node=\"10\"><\/h3>\n<p>&nbsp;<\/p>\n","protected":false},"featured_media":5684,"template":"","meta":[],"product_brand":[],"product_cat":[94],"product_tag":[],"class_list":{"0":"post-4939","1":"product","2":"type-product","3":"status-publish","4":"has-post-thumbnail","6":"product_cat-mesitas-de-noche","8":"first","9":"instock","10":"sold-individually","11":"shipping-taxable","12":"purchasable","13":"product-type-simple"},"_links":{"self":[{"href":"https:\/\/dekantik.es\/index.php?rest_route=\/wp\/v2\/product\/4939","targetHints":{"allow":["GET"]}}],"collection":[{"href":"https:\/\/dekantik.es\/index.php?rest_route=\/wp\/v2\/product"}],"about":[{"href":"https:\/\/dekantik.es\/index.php?rest_route=\/wp\/v2\/types\/product"}],"wp:featuredmedia":[{"embeddable":true,"href":"https:\/\/dekantik.es\/index.php?rest_route=\/wp\/v2\/media\/5684"}],"wp:attachment":[{"href":"https:\/\/dekantik.es\/index.php?rest_route=%2Fwp%2Fv2%2Fmedia&parent=4939"}],"wp:term":[{"taxonomy":"product_brand","embeddable":true,"href":"https:\/\/dekantik.es\/index.php?rest_route=%2Fwp%2Fv2%2Fproduct_brand&post=4939"},{"taxonomy":"product_cat","embeddable":true,"href":"https:\/\/dekantik.es\/index.php?rest_route=%2Fwp%2Fv2%2Fproduct_cat&post=4939"},{"taxonomy":"product_tag","embeddable":true,"href":"https:\/\/dekantik.es\/index.php?rest_route=%2Fwp%2Fv2%2Fproduct_tag&post=4939"}],"curies":[{"name":"wp","href":"https:\/\/api.w.org\/{rel}","templated":true}]}}