{"id":4917,"date":"2025-06-25T12:22:28","date_gmt":"2025-06-25T10:22:28","guid":{"rendered":"https:\/\/dekantik.es\/?post_type=product&#038;p=4917"},"modified":"2026-04-08T19:41:04","modified_gmt":"2026-04-08T17:41:04","slug":"mesitas-de-teca-lira","status":"publish","type":"product","link":"https:\/\/dekantik.es\/?product=mesitas-de-teca-lira","title":{"rendered":"Mesitas Lira"},"content":{"rendered":"<p><strong>Dekantik :\u00a0<\/strong>Piezas con historia, estilo y calidad que te acompa\u00f1ar\u00e1n por muchos a\u00f1os.<\/p>\n","protected":false},"excerpt":{"rendered":"<h3 data-path-to-node=\"3\"><b data-path-to-node=\"3\" data-index-in-node=\"0\">Simetr\u00eda y Car\u00e1cter<\/b><\/h3>\n<p data-path-to-node=\"4\">El conjunto Lira es una oda a la durabilidad y la elegancia natural. Rescatadas para convertirse en el alma del dormitorio, estas mesitas destacan por la nobleza de la <b data-path-to-node=\"4\" data-index-in-node=\"202\">madera de teca maciza<\/b>, cuya veta ha sido recuperada para aportar una calidez \u00fanica y un dise\u00f1o que resiste el paso del tiempo.<\/p>\n<p data-path-to-node=\"5\"><b data-path-to-node=\"5\" data-index-in-node=\"0\">Lo que las hace especiales:<\/b><\/p>\n<ul data-path-to-node=\"6\">\n<li>\n<p data-path-to-node=\"6,0,0\"><b data-path-to-node=\"6,0,0\" data-index-in-node=\"0\">Madera de Teca Noble:<\/b> Fabricadas en una de las maderas m\u00e1s resistentes y bellas del mundo, garantizando una pieza para toda la vida.<\/p>\n<\/li>\n<li>\n<p data-path-to-node=\"6,1,0\"><b data-path-to-node=\"6,1,0\" data-index-in-node=\"0\">Simetr\u00eda Artesanal:<\/b> Un juego de dos unidades restaurado con mimo para crear un ambiente equilibrado y sofisticado.<\/p>\n<\/li>\n<li>\n<p data-path-to-node=\"6,2,0\"><b data-path-to-node=\"6,2,0\" data-index-in-node=\"0\">Dise\u00f1o Consciente:<\/b> Fieles a la filosof\u00eda de econom\u00eda circular de Dekantik, transformando materiales de lujo en arte funcional.<\/p>\n<\/li>\n<\/ul>\n<p data-path-to-node=\"7\"><b data-path-to-node=\"7\" data-index-in-node=\"0\">Caracter\u00edstica | Detalle<\/b><\/p>\n<ul data-path-to-node=\"8\">\n<li>\n<p data-path-to-node=\"8,0,0\"><b data-path-to-node=\"8,0,0\" data-index-in-node=\"0\">Dimensiones : <\/b>33cm ancho x 33cm fondo x 70cm alto<\/p>\n<\/li>\n<li>\n<p data-path-to-node=\"8,1,0\"><b data-path-to-node=\"8,1,0\" data-index-in-node=\"0\">Materiales :<\/b>\u00a0Madera maciza de teca recuperada con acabados eco-friendly de alta calidad.<\/p>\n<\/li>\n<li>\n<p data-path-to-node=\"8,2,0\"><b data-path-to-node=\"8,2,0\" data-index-in-node=\"0\">Estado :<\/b>\u00a0Restauradas y Reforzadas (Juego de 2 unidades).<\/p>\n<\/li>\n<li>\n<p data-path-to-node=\"8,3,0\"><b data-path-to-node=\"8,3,0\" data-index-in-node=\"0\">Env\u00edo y Transporte :<\/b><\/p>\n<\/li>\n<\/ul>\n<p>&nbsp;<\/p>\n<p>&nbsp;<\/p>\n","protected":false},"featured_media":5685,"template":"","meta":[],"product_brand":[],"product_cat":[94],"product_tag":[],"class_list":{"0":"post-4917","1":"product","2":"type-product","3":"status-publish","4":"has-post-thumbnail","6":"product_cat-mesitas-de-noche","8":"first","9":"outofstock","10":"shipping-taxable","11":"purchasable","12":"product-type-simple"},"_links":{"self":[{"href":"https:\/\/dekantik.es\/index.php?rest_route=\/wp\/v2\/product\/4917","targetHints":{"allow":["GET"]}}],"collection":[{"href":"https:\/\/dekantik.es\/index.php?rest_route=\/wp\/v2\/product"}],"about":[{"href":"https:\/\/dekantik.es\/index.php?rest_route=\/wp\/v2\/types\/product"}],"wp:featuredmedia":[{"embeddable":true,"href":"https:\/\/dekantik.es\/index.php?rest_route=\/wp\/v2\/media\/5685"}],"wp:attachment":[{"href":"https:\/\/dekantik.es\/index.php?rest_route=%2Fwp%2Fv2%2Fmedia&parent=4917"}],"wp:term":[{"taxonomy":"product_brand","embeddable":true,"href":"https:\/\/dekantik.es\/index.php?rest_route=%2Fwp%2Fv2%2Fproduct_brand&post=4917"},{"taxonomy":"product_cat","embeddable":true,"href":"https:\/\/dekantik.es\/index.php?rest_route=%2Fwp%2Fv2%2Fproduct_cat&post=4917"},{"taxonomy":"product_tag","embeddable":true,"href":"https:\/\/dekantik.es\/index.php?rest_route=%2Fwp%2Fv2%2Fproduct_tag&post=4917"}],"curies":[{"name":"wp","href":"https:\/\/api.w.org\/{rel}","templated":true}]}}