{"id":4892,"date":"2025-06-20T10:31:49","date_gmt":"2025-06-20T10:31:49","guid":{"rendered":"https:\/\/dekantik.es\/?post_type=product&#038;p=4892"},"modified":"2026-03-18T20:54:27","modified_gmt":"2026-03-18T20:54:27","slug":"vitrina-verde-grenda","status":"publish","type":"product","link":"https:\/\/dekantik.es\/?product=vitrina-verde-grenda","title":{"rendered":"Vitrina Grenda"},"content":{"rendered":"<p><strong>Dekantik :\u00a0<\/strong>Piezas con historia, estilo y calidad que te acompa\u00f1ar\u00e1n por muchos a\u00f1os.<\/p>\n","protected":false},"excerpt":{"rendered":"<h3 data-path-to-node=\"5\"><b data-path-to-node=\"5\" data-index-in-node=\"0\">Sofisticaci\u00f3n y Dise\u00f1o de Autor<\/b><\/h3>\n<p data-path-to-node=\"6\">La Vitrina Grenda es la opci\u00f3n ideal para quienes buscan una pieza decorativa que fusione funcionalidad con un dise\u00f1o intenso y sofisticado. Su profundo tono verde oliva y su construcci\u00f3n robusta no solo ofrecen el espacio perfecto para exhibir tus objetos m\u00e1s preciados, sino que transforman cualquier habitaci\u00f3n aportando una personalidad \u00fanica, luminosidad y un estilo indiscutible.<\/p>\n<p data-path-to-node=\"7\"><b data-path-to-node=\"7\" data-index-in-node=\"0\">Lo que la hace especial:<\/b><\/p>\n<ul data-path-to-node=\"8\">\n<li>\n<p data-path-to-node=\"8,0,0\"><b data-path-to-node=\"8,0,0\" data-index-in-node=\"0\">Contraste Art\u00edstico:<\/b> El exterior en verde envuelve un interior con fondo decorativo bot\u00e1nico, creando un escaparate visual que resalta cada objeto en su interior.<\/p>\n<\/li>\n<li>\n<p data-path-to-node=\"8,1,0\"><b data-path-to-node=\"8,1,0\" data-index-in-node=\"0\">Dise\u00f1o Mid-Century Modern:<\/b> Sus patas de madera clara en \u00e1ngulo y sus l\u00edneas limpias aportan ligereza visual, permitiendo que la pieza destaque sin recargar el ambiente.<\/p>\n<\/li>\n<li>\n<p data-path-to-node=\"8,2,0\"><b data-path-to-node=\"8,2,0\" data-index-in-node=\"0\">Sostenibilidad y Car\u00e1cter:<\/b> Una pieza rescatada y transformada a mano, lo que garantiza que no habr\u00e1 otra igual en ning\u00fan otro hogar.<\/p>\n<\/li>\n<\/ul>\n<p data-path-to-node=\"9\"><b data-path-to-node=\"9\" data-index-in-node=\"0\">Caracter\u00edstica | Detalle<\/b><\/p>\n<ul data-path-to-node=\"10\">\n<li>\n<p data-path-to-node=\"10,0,0\"><b data-path-to-node=\"10,0,0\" data-index-in-node=\"0\">Dimensiones:<\/b> 90 cm ancho x 31 cm fondo x 129 cm alto.<\/p>\n<\/li>\n<li>\n<p data-path-to-node=\"10,1,0\"><b data-path-to-node=\"10,1,0\" data-index-in-node=\"0\">Materiales:<\/b> Madera maciza, acabados eco-friendly de alta calidad y frentes de cristal.<\/p>\n<\/li>\n<li>\n<p data-path-to-node=\"10,2,0\"><b data-path-to-node=\"10,2,0\" data-index-in-node=\"0\">Estado:<\/b> Restaurado y Reforzado (Pieza \u00danica).<\/p>\n<\/li>\n<li>\n<p data-path-to-node=\"10,3,0\"><b data-path-to-node=\"10,3,0\" data-index-in-node=\"0\">Env\u00edo y Transporte:<\/b><\/p>\n<\/li>\n<\/ul>\n","protected":false},"featured_media":5631,"template":"","meta":[],"product_brand":[],"product_cat":[96],"product_tag":[],"class_list":{"0":"post-4892","1":"product","2":"type-product","3":"status-publish","4":"has-post-thumbnail","6":"product_cat-vitrina","8":"first","9":"instock","10":"sold-individually","11":"shipping-taxable","12":"purchasable","13":"product-type-simple"},"_links":{"self":[{"href":"https:\/\/dekantik.es\/index.php?rest_route=\/wp\/v2\/product\/4892","targetHints":{"allow":["GET"]}}],"collection":[{"href":"https:\/\/dekantik.es\/index.php?rest_route=\/wp\/v2\/product"}],"about":[{"href":"https:\/\/dekantik.es\/index.php?rest_route=\/wp\/v2\/types\/product"}],"wp:featuredmedia":[{"embeddable":true,"href":"https:\/\/dekantik.es\/index.php?rest_route=\/wp\/v2\/media\/5631"}],"wp:attachment":[{"href":"https:\/\/dekantik.es\/index.php?rest_route=%2Fwp%2Fv2%2Fmedia&parent=4892"}],"wp:term":[{"taxonomy":"product_brand","embeddable":true,"href":"https:\/\/dekantik.es\/index.php?rest_route=%2Fwp%2Fv2%2Fproduct_brand&post=4892"},{"taxonomy":"product_cat","embeddable":true,"href":"https:\/\/dekantik.es\/index.php?rest_route=%2Fwp%2Fv2%2Fproduct_cat&post=4892"},{"taxonomy":"product_tag","embeddable":true,"href":"https:\/\/dekantik.es\/index.php?rest_route=%2Fwp%2Fv2%2Fproduct_tag&post=4892"}],"curies":[{"name":"wp","href":"https:\/\/api.w.org\/{rel}","templated":true}]}}