{"id":4684,"date":"2025-01-19T18:59:56","date_gmt":"2025-01-19T18:59:56","guid":{"rendered":"https:\/\/dekantik.es\/?post_type=product&#038;p=4684"},"modified":"2026-03-30T14:09:49","modified_gmt":"2026-03-30T14:09:49","slug":"comoda-antigua-viola","status":"publish","type":"product","link":"https:\/\/dekantik.es\/?product=comoda-antigua-viola","title":{"rendered":"C\u00f3moda Viola"},"content":{"rendered":"<p><strong>Dekantik :\u00a0<\/strong>Piezas con historia, estilo y calidad que te acompa\u00f1ar\u00e1n por muchos a\u00f1os.<\/p>\n","protected":false},"excerpt":{"rendered":"<h3 data-path-to-node=\"2\"><b data-path-to-node=\"2\" data-index-in-node=\"0\">Sofisticaci\u00f3n y Curvas con Historia<\/b><\/h3>\n<p data-path-to-node=\"3\">La C\u00f3moda Viola es una pieza que exhala nostalgia y refinamiento. Rescatada para convertirse en el alma de cualquier estancia, destaca por sus singulares laterales curvos que le confieren un movimiento y una elegancia dif\u00edciles de encontrar en el mobiliario moderno. Es el complemento perfecto para quienes buscan un dise\u00f1o que aporte car\u00e1cter, historia y un toque de distinci\u00f3n atemporal a su hogar.<\/p>\n<p data-path-to-node=\"4\"><b data-path-to-node=\"4\" data-index-in-node=\"0\">Lo que la hace especial:<\/b><\/p>\n<ul data-path-to-node=\"5\">\n<li>\n<p data-path-to-node=\"5,0,0\"><b data-path-to-node=\"5,0,0\" data-index-in-node=\"0\">Silueta Escultural:<\/b> Sus laterales curvados y su dise\u00f1o refinado la transforman en una pieza decorativa de gran impacto visual.<\/p>\n<\/li>\n<li>\n<p data-path-to-node=\"5,1,0\"><b data-path-to-node=\"5,1,0\" data-index-in-node=\"0\">Car\u00e1cter y Nostalgia:<\/b> Un mueble que narra una historia a trav\u00e9s de sus detalles, aportando esa calidez \u00fanica que solo las piezas con pasado pueden ofrecer.<\/p>\n<\/li>\n<li>\n<p data-path-to-node=\"5,2,0\"><b data-path-to-node=\"5,2,0\" data-index-in-node=\"0\">Lujo Sostenible:<\/b> Recuperada bajo nuestra filosof\u00eda de econom\u00eda circular, utilizando procesos artesanales que garantizan una segunda vida llena de estilo y durabilidad.<\/p>\n<\/li>\n<\/ul>\n<p data-path-to-node=\"6\"><b data-path-to-node=\"6\" data-index-in-node=\"0\">Caracter\u00edstica | Detalle<\/b><\/p>\n<ul data-path-to-node=\"7\">\n<li>\n<p data-path-to-node=\"7,0,0\"><b data-path-to-node=\"7,0,0\" data-index-in-node=\"0\">Dimensiones :<\/b>\u00a080 cm ancho x 47 cm fondo x 89 cm alto.<\/p>\n<\/li>\n<li>\n<p data-path-to-node=\"7,1,0\"><b data-path-to-node=\"7,1,0\" data-index-in-node=\"0\">Materiales :<\/b>\u00a0Madera maciza recuperada con acabados premium eco-friendly.<\/p>\n<\/li>\n<li>\n<p data-path-to-node=\"7,2,0\"><b data-path-to-node=\"7,2,0\" data-index-in-node=\"0\">Estado :<\/b>\u00a0Restaurado y Reforzado (Pieza \u00danica).<\/p>\n<\/li>\n<li>\n<p data-path-to-node=\"7,3,0\"><b data-path-to-node=\"7,3,0\" data-index-in-node=\"0\">Env\u00edo y Transporte :<\/b><\/p>\n<\/li>\n<\/ul>\n","protected":false},"featured_media":5638,"template":"","meta":[],"product_brand":[],"product_cat":[57],"product_tag":[],"class_list":{"0":"post-4684","1":"product","2":"type-product","3":"status-publish","4":"has-post-thumbnail","6":"product_cat-comoda","8":"first","9":"outofstock","10":"sold-individually","11":"shipping-taxable","12":"purchasable","13":"product-type-simple"},"_links":{"self":[{"href":"https:\/\/dekantik.es\/index.php?rest_route=\/wp\/v2\/product\/4684","targetHints":{"allow":["GET"]}}],"collection":[{"href":"https:\/\/dekantik.es\/index.php?rest_route=\/wp\/v2\/product"}],"about":[{"href":"https:\/\/dekantik.es\/index.php?rest_route=\/wp\/v2\/types\/product"}],"wp:featuredmedia":[{"embeddable":true,"href":"https:\/\/dekantik.es\/index.php?rest_route=\/wp\/v2\/media\/5638"}],"wp:attachment":[{"href":"https:\/\/dekantik.es\/index.php?rest_route=%2Fwp%2Fv2%2Fmedia&parent=4684"}],"wp:term":[{"taxonomy":"product_brand","embeddable":true,"href":"https:\/\/dekantik.es\/index.php?rest_route=%2Fwp%2Fv2%2Fproduct_brand&post=4684"},{"taxonomy":"product_cat","embeddable":true,"href":"https:\/\/dekantik.es\/index.php?rest_route=%2Fwp%2Fv2%2Fproduct_cat&post=4684"},{"taxonomy":"product_tag","embeddable":true,"href":"https:\/\/dekantik.es\/index.php?rest_route=%2Fwp%2Fv2%2Fproduct_tag&post=4684"}],"curies":[{"name":"wp","href":"https:\/\/api.w.org\/{rel}","templated":true}]}}