{"id":4470,"date":"2024-09-15T10:10:55","date_gmt":"2024-09-15T10:10:55","guid":{"rendered":"https:\/\/dekantik.es\/?post_type=product&#038;p=4470"},"modified":"2026-03-27T09:36:56","modified_gmt":"2026-03-27T09:36:56","slug":"mesitas-de-noche-atea","status":"publish","type":"product","link":"https:\/\/dekantik.es\/?product=mesitas-de-noche-atea","title":{"rendered":"Mesitas Atea"},"content":{"rendered":"<p><strong>Dekantik :\u00a0<\/strong>Piezas con historia, estilo y calidad que te acompa\u00f1ar\u00e1n por muchos a\u00f1os.<\/p>\n<p>&nbsp;<\/p>\n","protected":false},"excerpt":{"rendered":"<p>Si buscas un mueble funcional, sencillo y lleno de estilo, nuestras <strong>Mesitas Atea<\/strong> son la opci\u00f3n perfecta para ti. Su color verde aportar\u00e1 frescura, luminosidad y serenidad a tu dormitorio, mientras que su dise\u00f1o pr\u00e1ctico te permitir\u00e1 organizar y decorar tu espacio con facilidad.<\/p>\n<p>Medidas :<\/p>\n<p>35cm ancho<\/p>\n<p>33cm fondo<\/p>\n<p>66cm alto<\/p>\n","protected":false},"featured_media":5771,"template":"","meta":[],"product_brand":[],"product_cat":[94],"product_tag":[],"class_list":{"0":"post-4470","1":"product","2":"type-product","3":"status-publish","4":"has-post-thumbnail","6":"product_cat-mesitas-de-noche","8":"first","9":"instock","10":"sold-individually","11":"shipping-taxable","12":"purchasable","13":"product-type-simple"},"_links":{"self":[{"href":"https:\/\/dekantik.es\/index.php?rest_route=\/wp\/v2\/product\/4470","targetHints":{"allow":["GET"]}}],"collection":[{"href":"https:\/\/dekantik.es\/index.php?rest_route=\/wp\/v2\/product"}],"about":[{"href":"https:\/\/dekantik.es\/index.php?rest_route=\/wp\/v2\/types\/product"}],"wp:featuredmedia":[{"embeddable":true,"href":"https:\/\/dekantik.es\/index.php?rest_route=\/wp\/v2\/media\/5771"}],"wp:attachment":[{"href":"https:\/\/dekantik.es\/index.php?rest_route=%2Fwp%2Fv2%2Fmedia&parent=4470"}],"wp:term":[{"taxonomy":"product_brand","embeddable":true,"href":"https:\/\/dekantik.es\/index.php?rest_route=%2Fwp%2Fv2%2Fproduct_brand&post=4470"},{"taxonomy":"product_cat","embeddable":true,"href":"https:\/\/dekantik.es\/index.php?rest_route=%2Fwp%2Fv2%2Fproduct_cat&post=4470"},{"taxonomy":"product_tag","embeddable":true,"href":"https:\/\/dekantik.es\/index.php?rest_route=%2Fwp%2Fv2%2Fproduct_tag&post=4470"}],"curies":[{"name":"wp","href":"https:\/\/api.w.org\/{rel}","templated":true}]}}