{"id":4411,"date":"2024-09-14T10:32:04","date_gmt":"2024-09-14T10:32:04","guid":{"rendered":"https:\/\/dekantik.es\/?post_type=product&#038;p=4411"},"modified":"2026-03-23T14:42:54","modified_gmt":"2026-03-23T14:42:54","slug":"cajonera-tina","status":"publish","type":"product","link":"https:\/\/dekantik.es\/?product=cajonera-tina","title":{"rendered":"Cajonera Tina"},"content":{"rendered":"<p><strong>Dekantik :\u00a0<\/strong>Piezas con historia, estilo y calidad que te acompa\u00f1ar\u00e1n por muchos a\u00f1os.<\/p>\n","protected":false},"excerpt":{"rendered":"<p>Si buscas un mueble que combine durabilidad, dise\u00f1o y gran capacidad de almacenamiento, nuestra <strong>Cajonera de Tina<\/strong> es la opci\u00f3n perfecta para ti. Hecha con materiales de alta calidad y dise\u00f1ada para adaptarse a diferentes estilos de decoraci\u00f3n, esta cajonera no solo te ayudar\u00e1 a mantener tu hogar organizado, sino que tambi\u00e9n aportar\u00e1 un toque de calidez y estilo a cualquier habitaci\u00f3n.<\/p>\n<p>Medidas :<\/p>\n<p>60cm ancho<\/p>\n<p>50cm fondo<\/p>\n<p>121cm alto<\/p>\n","protected":false},"featured_media":5754,"template":"","meta":[],"product_brand":[],"product_cat":[57],"product_tag":[],"class_list":{"0":"post-4411","1":"product","2":"type-product","3":"status-publish","4":"has-post-thumbnail","6":"product_cat-comoda","8":"first","9":"instock","10":"sold-individually","11":"shipping-taxable","12":"purchasable","13":"product-type-simple"},"_links":{"self":[{"href":"https:\/\/dekantik.es\/index.php?rest_route=\/wp\/v2\/product\/4411","targetHints":{"allow":["GET"]}}],"collection":[{"href":"https:\/\/dekantik.es\/index.php?rest_route=\/wp\/v2\/product"}],"about":[{"href":"https:\/\/dekantik.es\/index.php?rest_route=\/wp\/v2\/types\/product"}],"wp:featuredmedia":[{"embeddable":true,"href":"https:\/\/dekantik.es\/index.php?rest_route=\/wp\/v2\/media\/5754"}],"wp:attachment":[{"href":"https:\/\/dekantik.es\/index.php?rest_route=%2Fwp%2Fv2%2Fmedia&parent=4411"}],"wp:term":[{"taxonomy":"product_brand","embeddable":true,"href":"https:\/\/dekantik.es\/index.php?rest_route=%2Fwp%2Fv2%2Fproduct_brand&post=4411"},{"taxonomy":"product_cat","embeddable":true,"href":"https:\/\/dekantik.es\/index.php?rest_route=%2Fwp%2Fv2%2Fproduct_cat&post=4411"},{"taxonomy":"product_tag","embeddable":true,"href":"https:\/\/dekantik.es\/index.php?rest_route=%2Fwp%2Fv2%2Fproduct_tag&post=4411"}],"curies":[{"name":"wp","href":"https:\/\/api.w.org\/{rel}","templated":true}]}}